{"id":10248,"date":"2020-01-03T15:06:28","date_gmt":"2020-01-03T14:06:28","guid":{"rendered":"http:\/\/prototype.snowandsnow.fr\/ChampagneFrancoisLecompte\/?page_id=10248"},"modified":"2025-02-10T17:32:13","modified_gmt":"2025-02-10T16:32:13","slug":"nos-champagnes","status":"publish","type":"page","link":"https:\/\/www.champagne-lecompte.fr\/fr\/nos-champagnes\/","title":{"rendered":"Nos Champagnes"},"content":{"rendered":"<p>[vc_row row_type=\u00a0\u00bbrow\u00a0\u00bb use_row_as_full_screen_section=\u00a0\u00bbno\u00a0\u00bb type=\u00a0\u00bbfull_width\u00a0\u00bb text_align=\u00a0\u00bbleft\u00a0\u00bb box_shadow_on_row=\u00a0\u00bbno\u00a0\u00bb][vc_column][no_elements_holder number_of_columns=\u00a0\u00bbtwo_columns grid_33_66&Prime; switch_to_one_column=\u00a0\u00bb1000&Prime;][no_elements_holder_item background_color=\u00a0\u00bb#dbd4b3&Prime; item_padding=\u00a0\u00bb20.5% 15%\u00a0\u00bb aligment=\u00a0\u00bbleft\u00a0\u00bb vertical_alignment=\u00a0\u00bbmiddle\u00a0\u00bb advanced_animations=\u00a0\u00bbno\u00a0\u00bb item_padding_768_1000=\u00a0\u00bb8% 10%\u00a0\u00bb item_padding_600_768=\u00a0\u00bb8% 5%\u00a0\u00bb item_padding_480_600=\u00a0\u00bb8% 4%\u00a0\u00bb item_padding_480=\u00a0\u00bb8% 2%\u00a0\u00bb][vc_column_text]<\/p>\n<h3><strong>Un Champagne de Vigneron depuis 1876<\/strong><\/h3>\n<p>[\/vc_column_text][vc_separator type=\u00a0\u00bbtransparent\u00a0\u00bb up=\u00a0\u00bb33&Prime; up_style=\u00a0\u00bbpx\u00a0\u00bb down=\u00a0\u00bb0&Prime; down_style=\u00a0\u00bbpx\u00a0\u00bb][vc_column_text]<span style=\"color: #333333;\">R\u00e9colt\u00e9 dans nos vignes sur le monoterroir de Rilly-la-Montagne class\u00e9 Premier Cru, press\u00e9, vinifi\u00e9, mis en bouteille puis vieilli dans nos caves \u00e0 la propri\u00e9t\u00e9, le Champagne Fran\u00e7ois-Lecompte est un champagne de vigneron qui, depuis 1876, est \u00e9labor\u00e9 de mani\u00e8re traditionnelle dans notre Maison.<\/span><\/p>\n<p>&nbsp;<\/p>\n<p><span style=\"color: #333333;\">Producteur de champagne, r\u00e9coltant-manipulant \u00e0 Rilly-la-Montagne, <\/span><span style=\"color: #333333;\">Fran\u00e7ois Lecompte est ainsi autoris\u00e9 \u00e0 inscrire les tr\u00e8s convoit\u00e9es lettres RM (R\u00e9coltant-Manipulant) sur l\u2019\u00e9tiquette de l\u2019ensemble de ses bouteilles de champagne Premier CRU.<\/span><\/p>\n<p>&nbsp;<\/p>\n<p><span style=\"color: #333333;\">Le type de vin de champagne qu\u2019il propose est d\u00e9termin\u00e9 au moment de la fermentation (en cuve ou en f\u00fbt de ch\u00eane), par le temps de vieillissement de ces vins en cave (plus de 5 ans en moyenne), et du dosage au moment du d\u00e9gorgement.<\/span><\/p>\n<p>&nbsp;<\/p>\n<p><span style=\"color: #333333;\">En effet, c&rsquo;est la teneur en sucres de la liqueur d&rsquo;exp\u00e9dition, utilis\u00e9e imm\u00e9diatement apr\u00e8s le d\u00e9gorgement, qui d\u00e9termine le type de vin de champagne : brut nature, extra-brut, brut, demi-sec, etc.<\/span><\/p>\n<p>&nbsp;<\/p>\n<p><span style=\"color: #333333;\">Le champagne reposera encore quelques mois pour permettre \u00e0 la liqueur de se fondre dans le vin, avant de scintiller dans vos fl\u00fbtes.<\/span>[\/vc_column_text][\/no_elements_holder_item][no_elements_holder_item background_image=\u00a0\u00bb10409&Prime; item_padding=\u00a0\u00bb0% 10%\u00a0\u00bb aligment=\u00a0\u00bbcenter\u00a0\u00bb vertical_alignment=\u00a0\u00bbmiddle\u00a0\u00bb advanced_animations=\u00a0\u00bbno\u00a0\u00bb item_padding_768_1000=\u00a0\u00bb5% 10%\u00a0\u00bb item_padding_600_768=\u00a0\u00bb5% 5%\u00a0\u00bb item_padding_480_600=\u00a0\u00bb4% 4%\u00a0\u00bb item_padding_480=\u00a0\u00bb2% 2%\u00a0\u00bb][vc_row_inner row_type=\u00a0\u00bbrow\u00a0\u00bb type=\u00a0\u00bbfull_width\u00a0\u00bb use_row_as_full_screen_section_slide=\u00a0\u00bbno\u00a0\u00bb text_align=\u00a0\u00bbcenter\u00a0\u00bb box_shadow_on_row=\u00a0\u00bbno\u00a0\u00bb][vc_column_inner][vc_empty_space image_repeat=\u00a0\u00bbno-repeat\u00a0\u00bb][\/vc_column_inner][\/vc_row_inner][vc_row_inner row_type=\u00a0\u00bbrow\u00a0\u00bb type=\u00a0\u00bbfull_width\u00a0\u00bb use_row_as_full_screen_section_slide=\u00a0\u00bbno\u00a0\u00bb text_align=\u00a0\u00bbcenter\u00a0\u00bb box_shadow_on_row=\u00a0\u00bbno\u00a0\u00bb][vc_column_inner width=\u00a0\u00bb1\/3&Prime;][vc_separator type=\u00a0\u00bbnormal\u00a0\u00bb border_style=\u00a0\u00bbsolid\u00a0\u00bb thickness=\u00a0\u00bb2px\u00a0\u00bb up_style=\u00a0\u00bbpx\u00a0\u00bb down_style=\u00a0\u00bbpx\u00a0\u00bb][\/vc_column_inner][vc_column_inner width=\u00a0\u00bb1\/3&Prime;][vc_column_text]<\/p>\n<p style=\"text-align: center;\"><a href=\"http:\/\/www.champagne-lecompte.fr\/nos-champagnes\/collection-capitale\/\">COLLECTION CAPITALE<\/a><\/p>\n<p>[\/vc_column_text][\/vc_column_inner][vc_column_inner width=\u00a0\u00bb1\/3&Prime;][vc_separator type=\u00a0\u00bbnormal\u00a0\u00bb border_style=\u00a0\u00bbsolid\u00a0\u00bb thickness=\u00a0\u00bb2px\u00a0\u00bb up_style=\u00a0\u00bbpx\u00a0\u00bb down_style=\u00a0\u00bbpx\u00a0\u00bb][\/vc_column_inner][\/vc_row_inner][vc_row_inner row_type=\u00a0\u00bbrow\u00a0\u00bb type=\u00a0\u00bbfull_width\u00a0\u00bb use_row_as_full_screen_section_slide=\u00a0\u00bbno\u00a0\u00bb text_align=\u00a0\u00bbleft\u00a0\u00bb box_shadow_on_row=\u00a0\u00bbno\u00a0\u00bb][vc_column_inner width=\u00a0\u00bb1\/4&Prime;][vc_single_image image=\u00a0\u00bb10439&Prime; img_size=\u00a0\u00bbfull\u00a0\u00bb onclick=\u00a0\u00bbcustom_link\u00a0\u00bb hover_animation=\u00a0\u00bbno\u00a0\u00bb link=\u00a0\u00bbhttp:\/\/www.champagne-lecompte.fr\/nos-champagnes\/collection-capitale\/champagne-millesime-nature\/\u00a0\u00bb][vc_separator type=\u00a0\u00bbtransparent\u00a0\u00bb up=\u00a0\u00bb7&Prime; up_style=\u00a0\u00bbpx\u00a0\u00bb down=\u00a0\u00bb0&Prime; down_style=\u00a0\u00bbpx\u00a0\u00bb][vc_column_text]<\/p>\n<h4 style=\"text-align: center;\">Mill\u00e9sime Nature<\/h4>\n<p>[\/vc_column_text][vc_separator type=\u00a0\u00bbtransparent\u00a0\u00bb up=\u00a0\u00bb7&Prime; up_style=\u00a0\u00bbpx\u00a0\u00bb down=\u00a0\u00bb0&Prime; down_style=\u00a0\u00bbpx\u00a0\u00bb][\/vc_column_inner][vc_column_inner width=\u00a0\u00bb1\/4&Prime;][vc_single_image image=\u00a0\u00bb10431&Prime; img_size=\u00a0\u00bbfull\u00a0\u00bb onclick=\u00a0\u00bbcustom_link\u00a0\u00bb hover_animation=\u00a0\u00bbno\u00a0\u00bb link=\u00a0\u00bbhttp:\/\/www.champagne-lecompte.fr\/nos-champagnes\/collection-capitale\/champagne-millesime-extra-brut\/\u00a0\u00bb][vc_separator type=\u00a0\u00bbtransparent\u00a0\u00bb up=\u00a0\u00bb7&Prime; up_style=\u00a0\u00bbpx\u00a0\u00bb down=\u00a0\u00bb0&Prime; down_style=\u00a0\u00bbpx\u00a0\u00bb][vc_column_text]<\/p>\n<h4 style=\"text-align: center;\">Mill\u00e9sime Extra-Brut<\/h4>\n<p>[\/vc_column_text][vc_separator type=\u00a0\u00bbtransparent\u00a0\u00bb up=\u00a0\u00bb7&Prime; up_style=\u00a0\u00bbpx\u00a0\u00bb down=\u00a0\u00bb0&Prime; down_style=\u00a0\u00bbpx\u00a0\u00bb][\/vc_column_inner][vc_column_inner width=\u00a0\u00bb1\/4&Prime;][vc_single_image image=\u00a0\u00bb10401&Prime; img_size=\u00a0\u00bbfull\u00a0\u00bb onclick=\u00a0\u00bbcustom_link\u00a0\u00bb hover_animation=\u00a0\u00bbno\u00a0\u00bb link=\u00a0\u00bbhttp:\/\/www.champagne-lecompte.fr\/nos-champagnes\/collection-capitale\/champagne-millesime-brut\/\u00a0\u00bb][vc_separator type=\u00a0\u00bbtransparent\u00a0\u00bb up=\u00a0\u00bb7&Prime; up_style=\u00a0\u00bbpx\u00a0\u00bb down=\u00a0\u00bb0&Prime; down_style=\u00a0\u00bbpx\u00a0\u00bb][vc_column_text]<\/p>\n<h4 style=\"text-align: center;\">Mill\u00e9sime Brut<\/h4>\n<p>[\/vc_column_text][vc_separator type=\u00a0\u00bbtransparent\u00a0\u00bb up=\u00a0\u00bb7&Prime; up_style=\u00a0\u00bbpx\u00a0\u00bb down=\u00a0\u00bb0&Prime; down_style=\u00a0\u00bbpx\u00a0\u00bb][\/vc_column_inner][vc_column_inner width=\u00a0\u00bb1\/4&Prime;][vc_single_image image=\u00a0\u00bb10446&Prime; img_size=\u00a0\u00bbfull\u00a0\u00bb onclick=\u00a0\u00bbcustom_link\u00a0\u00bb hover_animation=\u00a0\u00bbno\u00a0\u00bb link=\u00a0\u00bbhttp:\/\/www.champagne-lecompte.fr\/nos-champagnes\/collection-capitale\/champagne-rose\/\u00a0\u00bb][vc_separator type=\u00a0\u00bbtransparent\u00a0\u00bb up=\u00a0\u00bb7&Prime; up_style=\u00a0\u00bbpx\u00a0\u00bb down=\u00a0\u00bb0&Prime; down_style=\u00a0\u00bbpx\u00a0\u00bb][vc_column_text]<\/p>\n<h4 style=\"text-align: center;\">Champagne Ros\u00e9<\/h4>\n<p>[\/vc_column_text][vc_separator type=\u00a0\u00bbtransparent\u00a0\u00bb up=\u00a0\u00bb7&Prime; up_style=\u00a0\u00bbpx\u00a0\u00bb down=\u00a0\u00bb0&Prime; down_style=\u00a0\u00bbpx\u00a0\u00bb][\/vc_column_inner][\/vc_row_inner][vc_row_inner row_type=\u00a0\u00bbrow\u00a0\u00bb type=\u00a0\u00bbfull_width\u00a0\u00bb use_row_as_full_screen_section_slide=\u00a0\u00bbno\u00a0\u00bb text_align=\u00a0\u00bbcenter\u00a0\u00bb box_shadow_on_row=\u00a0\u00bbno\u00a0\u00bb][vc_column_inner][vc_empty_space image_repeat=\u00a0\u00bbno-repeat\u00a0\u00bb][\/vc_column_inner][\/vc_row_inner][vc_row_inner row_type=\u00a0\u00bbrow\u00a0\u00bb type=\u00a0\u00bbfull_width\u00a0\u00bb use_row_as_full_screen_section_slide=\u00a0\u00bbno\u00a0\u00bb text_align=\u00a0\u00bbcenter\u00a0\u00bb box_shadow_on_row=\u00a0\u00bbno\u00a0\u00bb][vc_column_inner width=\u00a0\u00bb1\/3&Prime;][vc_separator type=\u00a0\u00bbnormal\u00a0\u00bb border_style=\u00a0\u00bbsolid\u00a0\u00bb thickness=\u00a0\u00bb2px\u00a0\u00bb up_style=\u00a0\u00bbpx\u00a0\u00bb down_style=\u00a0\u00bbpx\u00a0\u00bb][\/vc_column_inner][vc_column_inner width=\u00a0\u00bb1\/3&Prime;][vc_column_text]<\/p>\n<p style=\"text-align: center;\"><a href=\"http:\/\/www.champagne-lecompte.fr\/nos-champagnes\/collection-brillance\/\">COLLECTION BRILLANCE<\/a><\/p>\n<p>[\/vc_column_text][\/vc_column_inner][vc_column_inner width=\u00a0\u00bb1\/3&Prime;][vc_separator type=\u00a0\u00bbnormal\u00a0\u00bb border_style=\u00a0\u00bbsolid\u00a0\u00bb thickness=\u00a0\u00bb2px\u00a0\u00bb up_style=\u00a0\u00bbpx\u00a0\u00bb down_style=\u00a0\u00bbpx\u00a0\u00bb][\/vc_column_inner][\/vc_row_inner][vc_row_inner row_type=\u00a0\u00bbrow\u00a0\u00bb type=\u00a0\u00bbfull_width\u00a0\u00bb use_row_as_full_screen_section_slide=\u00a0\u00bbno\u00a0\u00bb text_align=\u00a0\u00bbleft\u00a0\u00bb padding_top=\u00a0\u00bb25&Prime; box_shadow_on_row=\u00a0\u00bbno\u00a0\u00bb][vc_column_inner width=\u00a0\u00bb1\/4&Prime;][vc_single_image image=\u00a0\u00bb10522&Prime; img_size=\u00a0\u00bbfull\u00a0\u00bb onclick=\u00a0\u00bbcustom_link\u00a0\u00bb hover_animation=\u00a0\u00bbno\u00a0\u00bb link=\u00a0\u00bbhttp:\/\/www.champagne-lecompte.fr\/nos-champagnes\/collection-brillance\/champagne-cuvee-celeste\/\u00a0\u00bb][vc_separator type=\u00a0\u00bbtransparent\u00a0\u00bb up=\u00a0\u00bb7&Prime; up_style=\u00a0\u00bbpx\u00a0\u00bb down=\u00a0\u00bb0&Prime; down_style=\u00a0\u00bbpx\u00a0\u00bb][vc_column_text]<\/p>\n<h4 style=\"text-align: center;\">Cuv\u00e9e C\u00e9leste<\/h4>\n<h4 style=\"text-align: center;\">Cuv\u00e9e C\u00e9leste Ros\u00e9<\/h4>\n<p>[\/vc_column_text][vc_separator type=\u00a0\u00bbtransparent\u00a0\u00bb up=\u00a0\u00bb7&Prime; up_style=\u00a0\u00bbpx\u00a0\u00bb down=\u00a0\u00bb0&Prime; down_style=\u00a0\u00bbpx\u00a0\u00bb][\/vc_column_inner][vc_column_inner width=\u00a0\u00bb1\/4&Prime;][vc_single_image image=\u00a0\u00bb10537&Prime; img_size=\u00a0\u00bbfull\u00a0\u00bb onclick=\u00a0\u00bbcustom_link\u00a0\u00bb hover_animation=\u00a0\u00bbno\u00a0\u00bb link=\u00a0\u00bbhttp:\/\/www.champagne-lecompte.fr\/nos-champagnes\/collection-brillance\/champagne-cuvee-blanc-de-blancs\/\u00a0\u00bb][vc_separator type=\u00a0\u00bbtransparent\u00a0\u00bb up=\u00a0\u00bb7&Prime; up_style=\u00a0\u00bbpx\u00a0\u00bb down=\u00a0\u00bb0&Prime; down_style=\u00a0\u00bbpx\u00a0\u00bb][vc_column_text]<\/p>\n<h4 style=\"text-align: center;\">Cuv\u00e9e Blanc de Blancs<\/h4>\n<p>[\/vc_column_text][vc_separator type=\u00a0\u00bbtransparent\u00a0\u00bb up=\u00a0\u00bb7&Prime; up_style=\u00a0\u00bbpx\u00a0\u00bb down=\u00a0\u00bb0&Prime; down_style=\u00a0\u00bbpx\u00a0\u00bb][\/vc_column_inner][vc_column_inner width=\u00a0\u00bb1\/4&Prime;][vc_single_image image=\u00a0\u00bb10543&Prime; img_size=\u00a0\u00bbfull\u00a0\u00bb onclick=\u00a0\u00bbcustom_link\u00a0\u00bb hover_animation=\u00a0\u00bbno\u00a0\u00bb link=\u00a0\u00bbhttp:\/\/www.champagne-lecompte.fr\/nos-champagnes\/collection-brillance\/champagne-cuvee-blanc-de-noirs\/\u00a0\u00bb][vc_separator type=\u00a0\u00bbtransparent\u00a0\u00bb up=\u00a0\u00bb7&Prime; up_style=\u00a0\u00bbpx\u00a0\u00bb down=\u00a0\u00bb0&Prime; down_style=\u00a0\u00bbpx\u00a0\u00bb][vc_column_text]<\/p>\n<h4 style=\"text-align: center;\">Cuv\u00e9e Blanc de Noirs<\/h4>\n<p>[\/vc_column_text][vc_separator type=\u00a0\u00bbtransparent\u00a0\u00bb up=\u00a0\u00bb7&Prime; up_style=\u00a0\u00bbpx\u00a0\u00bb down=\u00a0\u00bb0&Prime; down_style=\u00a0\u00bbpx\u00a0\u00bb][\/vc_column_inner][vc_column_inner width=\u00a0\u00bb1\/4&Prime;][vc_single_image image=\u00a0\u00bb10925&Prime; img_size=\u00a0\u00bbfull\u00a0\u00bb onclick=\u00a0\u00bbcustom_link\u00a0\u00bb hover_animation=\u00a0\u00bbno\u00a0\u00bb link=\u00a0\u00bbhttp:\/\/www.champagne-lecompte.fr\/nos-champagnes\/collection-brillance\/champagne-cuvee-blanc-de-meuniers\/\u00a0\u00bb][vc_separator type=\u00a0\u00bbtransparent\u00a0\u00bb up=\u00a0\u00bb7&Prime; up_style=\u00a0\u00bbpx\u00a0\u00bb down=\u00a0\u00bb0&Prime; down_style=\u00a0\u00bbpx\u00a0\u00bb][vc_column_text]<\/p>\n<h4 style=\"text-align: center;\">Cuv\u00e9e Blanc de Meuniers<\/h4>\n<p>[\/vc_column_text][vc_separator type=\u00a0\u00bbtransparent\u00a0\u00bb up=\u00a0\u00bb7&Prime; up_style=\u00a0\u00bbpx\u00a0\u00bb down=\u00a0\u00bb0&Prime; down_style=\u00a0\u00bbpx\u00a0\u00bb][\/vc_column_inner][\/vc_row_inner][vc_row_inner row_type=\u00a0\u00bbrow\u00a0\u00bb type=\u00a0\u00bbfull_width\u00a0\u00bb use_row_as_full_screen_section_slide=\u00a0\u00bbno\u00a0\u00bb text_align=\u00a0\u00bbcenter\u00a0\u00bb box_shadow_on_row=\u00a0\u00bbno\u00a0\u00bb][vc_column_inner][vc_empty_space image_repeat=\u00a0\u00bbno-repeat\u00a0\u00bb][\/vc_column_inner][\/vc_row_inner][vc_row_inner row_type=\u00a0\u00bbrow\u00a0\u00bb type=\u00a0\u00bbfull_width\u00a0\u00bb use_row_as_full_screen_section_slide=\u00a0\u00bbno\u00a0\u00bb text_align=\u00a0\u00bbcenter\u00a0\u00bb box_shadow_on_row=\u00a0\u00bbno\u00a0\u00bb][vc_column_inner width=\u00a0\u00bb1\/3&Prime;][vc_separator type=\u00a0\u00bbnormal\u00a0\u00bb border_style=\u00a0\u00bbsolid\u00a0\u00bb thickness=\u00a0\u00bb2px\u00a0\u00bb up_style=\u00a0\u00bbpx\u00a0\u00bb down_style=\u00a0\u00bbpx\u00a0\u00bb][\/vc_column_inner][vc_column_inner width=\u00a0\u00bb1\/3&Prime;][vc_column_text]<\/p>\n<p style=\"text-align: center;\"><a href=\"http:\/\/www.champagne-lecompte.fr\/nos-champagnes\/collection-douceur\/\">COLLECTION DOUCEUR<\/a><\/p>\n<p>[\/vc_column_text][\/vc_column_inner][vc_column_inner width=\u00a0\u00bb1\/3&Prime;][vc_separator type=\u00a0\u00bbnormal\u00a0\u00bb border_style=\u00a0\u00bbsolid\u00a0\u00bb thickness=\u00a0\u00bb2px\u00a0\u00bb up_style=\u00a0\u00bbpx\u00a0\u00bb down_style=\u00a0\u00bbpx\u00a0\u00bb][\/vc_column_inner][\/vc_row_inner][vc_row_inner row_type=\u00a0\u00bbrow\u00a0\u00bb type=\u00a0\u00bbfull_width\u00a0\u00bb use_row_as_full_screen_section_slide=\u00a0\u00bbno\u00a0\u00bb text_align=\u00a0\u00bbleft\u00a0\u00bb padding_top=\u00a0\u00bb25&Prime; padding_bottom=\u00a0\u00bb50&Prime; box_shadow_on_row=\u00a0\u00bbno\u00a0\u00bb][vc_column_inner width=\u00a0\u00bb1\/3&Prime;][\/vc_column_inner][vc_column_inner width=\u00a0\u00bb1\/3&Prime;][vc_single_image image=\u00a0\u00bb10453&Prime; img_size=\u00a0\u00bbfull\u00a0\u00bb onclick=\u00a0\u00bbcustom_link\u00a0\u00bb hover_animation=\u00a0\u00bbno\u00a0\u00bb link=\u00a0\u00bbhttp:\/\/www.champagne-lecompte.fr\/nos-champagnes\/collection-douceur\/champagne-demi-sec\/\u00a0\u00bb][vc_separator type=\u00a0\u00bbtransparent\u00a0\u00bb up=\u00a0\u00bb7&Prime; up_style=\u00a0\u00bbpx\u00a0\u00bb down=\u00a0\u00bb0&Prime; down_style=\u00a0\u00bbpx\u00a0\u00bb][vc_column_text]<\/p>\n<h4 style=\"text-align: center;\">Champagne Demi-Sec<\/h4>\n<p>[\/vc_column_text][vc_separator type=\u00a0\u00bbtransparent\u00a0\u00bb up=\u00a0\u00bb7&Prime; up_style=\u00a0\u00bbpx\u00a0\u00bb down=\u00a0\u00bb0&Prime; down_style=\u00a0\u00bbpx\u00a0\u00bb][\/vc_column_inner][vc_column_inner width=\u00a0\u00bb1\/3&Prime;][\/vc_column_inner][\/vc_row_inner][\/no_elements_holder_item][\/no_elements_holder][\/vc_column][\/vc_row][vc_row row_type=\u00a0\u00bbrow\u00a0\u00bb use_row_as_full_screen_section=\u00a0\u00bbno\u00a0\u00bb type=\u00a0\u00bbfull_width\u00a0\u00bb text_align=\u00a0\u00bbleft\u00a0\u00bb background_color=\u00a0\u00bb#f2f2f2&Prime; box_shadow_on_row=\u00a0\u00bbno\u00a0\u00bb floating_image=\u00a0\u00bb\u00a0\u00bb floating_direction=\u00a0\u00bbtop-bottom\u00a0\u00bb floating_speed=\u00a0\u00bb3&Prime; zigzag=\u00a0\u00bbyes\u00a0\u00bb floating_randsize=\u00a0\u00bbyes\u00a0\u00bb][vc_column][no_elements_holder background_color=\u00a0\u00bb#f2f2f2&Prime; number_of_columns=\u00a0\u00bbtwo_columns grid_66_33&Prime; switch_to_one_column=\u00a0\u00bb1000&Prime; alignment_one_column=\u00a0\u00bbleft\u00a0\u00bb][no_elements_holder_item item_padding=\u00a0\u00bb8% 7.5% 8%\u00a0\u00bb aligment=\u00a0\u00bbleft\u00a0\u00bb vertical_alignment=\u00a0\u00bbmiddle\u00a0\u00bb advanced_animations=\u00a0\u00bbno\u00a0\u00bb item_padding_768_1000=\u00a0\u00bb8% 10%\u00a0\u00bb item_padding_600_768=\u00a0\u00bb8% 5%\u00a0\u00bb item_padding_480_600=\u00a0\u00bb8% 4%\u00a0\u00bb item_padding_480=\u00a0\u00bb8% 2%\u00a0\u00bb][vc_column_text]<\/p>\n<h3><strong>Ar\u00f4mes et Emotions au rendez-vous de chaque instant&#8230;<\/strong><\/h3>\n<p>[\/vc_column_text][vc_separator type=\u00a0\u00bbsmall\u00a0\u00bb position=\u00a0\u00bbleft\u00a0\u00bb color=\u00a0\u00bb#c58162&Prime; width=\u00a0\u00bb60&Prime; thickness=\u00a0\u00bb2&Prime; up=\u00a0\u00bb28&Prime; up_style=\u00a0\u00bbpx\u00a0\u00bb down=\u00a0\u00bb21&Prime; down_style=\u00a0\u00bbpx\u00a0\u00bb][vc_column_text]<span style=\"color: #333333;\">Fier de ses traditions, le Champagne Fran\u00e7ois Lecompte raconte les nuances d\u2019un Terroir, D\u2019un Cru, d\u2019un Mill\u00e9sime, d\u2019un Style Maison\u2026<\/span><\/p>\n<p>&nbsp;<\/p>\n<p><span style=\"color: #333333;\">Il sait s\u2019associer \u00e0 tout ce qui nous touche et partager nos \u00e9motions.<\/span><\/p>\n<p><span style=\"color: #333333;\">Il accompagne les \u00e9v\u00e9nements, les plus belles rencontres et les meilleurs moments.<\/span><\/p>\n<p>&nbsp;<\/p>\n<p><span style=\"color: #333333;\">La diversit\u00e9 de nos cuv\u00e9es permet une multitude d\u2019harmonies.<\/span><\/p>\n<p><span style=\"color: #333333;\">D\u00e9couvrez une palette d&rsquo;ar\u00f4mes pour chaque instant avec nos Champagnes Fran\u00e7ois Lecompte Premier Cru\u2026<\/span>[\/vc_column_text][\/no_elements_holder_item][no_elements_holder_item background_color=\u00a0\u00bb#17110f\u00a0\u00bb item_padding=\u00a0\u00bb0% 15% 2%\u00a0\u00bb aligment=\u00a0\u00bbleft\u00a0\u00bb vertical_alignment=\u00a0\u00bbmiddle\u00a0\u00bb advanced_animations=\u00a0\u00bbno\u00a0\u00bb item_padding_1000_1300=\u00a0\u00bb0% 20% 2%\u00a0\u00bb item_padding_768_1000=\u00a0\u00bb5% 10%\u00a0\u00bb item_padding_600_768=\u00a0\u00bb5% 5%\u00a0\u00bb item_padding_480_600=\u00a0\u00bb5% 4%\u00a0\u00bb item_padding_480=\u00a0\u00bb5% 2%\u00a0\u00bb][vc_row_inner row_type=\u00a0\u00bbrow\u00a0\u00bb type=\u00a0\u00bbfull_width\u00a0\u00bb use_row_as_full_screen_section_slide=\u00a0\u00bbno\u00a0\u00bb text_align=\u00a0\u00bbleft\u00a0\u00bb box_shadow_on_row=\u00a0\u00bbno\u00a0\u00bb floating_image=\u00a0\u00bb\u00a0\u00bb floating_direction=\u00a0\u00bbtop-bottom\u00a0\u00bb floating_speed=\u00a0\u00bb3&Prime; floating_zigzag=\u00a0\u00bbyes\u00a0\u00bb floating_randsize=\u00a0\u00bbyes\u00a0\u00bb][vc_column_inner width=\u00a0\u00bb1\/2&Prime;]<div class=\"edgt_counter_holder  center\" style=\"padding-bottom: 12px;\"><span class=\"counter  zero\" style=\"color: #ffffff;letter-spacing: 0px;font-size: 38px;\">3<\/span><h6 class='counter_title' style='color:#d6d6d6;'>C\u00e9pages<\/h6><\/div>[\/vc_column_inner][vc_column_inner width=\u00a0\u00bb1\/2&Prime;]<div class=\"edgt_counter_holder  center\" style=\"padding-bottom: 12px;\"><span class=\"counter  zero\" style=\"color: #ffffff;letter-spacing: 0px;font-size: 38px;\">1<\/span><h6 class='counter_title' style='color:#d6d6d6;'>Premier CRU<\/h6><\/div>[\/vc_column_inner][\/vc_row_inner][vc_row_inner row_type=\u00a0\u00bbrow\u00a0\u00bb type=\u00a0\u00bbfull_width\u00a0\u00bb use_row_as_full_screen_section_slide=\u00a0\u00bbno\u00a0\u00bb text_align=\u00a0\u00bbleft\u00a0\u00bb box_shadow_on_row=\u00a0\u00bbno\u00a0\u00bb floating_image=\u00a0\u00bb\u00a0\u00bb floating_direction=\u00a0\u00bbtop-bottom\u00a0\u00bb floating_speed=\u00a0\u00bb3&Prime; floating_zigzag=\u00a0\u00bbyes\u00a0\u00bb floating_randsize=\u00a0\u00bbyes\u00a0\u00bb][vc_column_inner width=\u00a0\u00bb1\/2&Prime;]<div class=\"edgt_counter_holder  center\" style=\"padding-bottom: 12px;\"><span class=\"counter  zero\" style=\"color: #ffffff;letter-spacing: 0px;font-size: 38px;\">1<\/span><h4 class='counter_title' style='color:#d6d6d6;'>Monoterroir<\/h4><\/div>[\/vc_column_inner][vc_column_inner width=\u00a0\u00bb1\/2&Prime;]<div class=\"edgt_counter_holder  center\" style=\"padding-bottom: 12px;\"><span class=\"counter  zero\" style=\"color: #ffffff;letter-spacing: 0px;font-size: 38px;\">3<\/span><h4 class='counter_title' style='color:#d6d6d6;'>M\u00e9dailles D&#039;or<\/h4><\/div>[\/vc_column_inner][\/vc_row_inner][\/no_elements_holder_item][\/no_elements_holder][\/vc_column][\/vc_row]<\/p>\n","protected":false},"excerpt":{"rendered":"<p>[vc_row row_type=\u00a0\u00bbrow\u00a0\u00bb use_row_as_full_screen_section=\u00a0\u00bbno\u00a0\u00bb type=\u00a0\u00bbfull_width\u00a0\u00bb text_align=\u00a0\u00bbleft\u00a0\u00bb box_shadow_on_row=\u00a0\u00bbno\u00a0\u00bb][vc_column][no_elements_holder number_of_columns=\u00a0\u00bbtwo_columns grid_33_66&Prime; switch_to_one_column=\u00a0\u00bb1000&Prime;][no_elements_holder_item background_color=\u00a0\u00bb#dbd4b3&Prime; item_padding=\u00a0\u00bb20.5% 15%\u00a0\u00bb aligment=\u00a0\u00bbleft\u00a0\u00bb vertical_alignment=\u00a0\u00bbmiddle\u00a0\u00bb advanced_animations=\u00a0\u00bbno\u00a0\u00bb item_padding_768_1000=\u00a0\u00bb8% 10%\u00a0\u00bb item_padding_600_768=\u00a0\u00bb8% 5%\u00a0\u00bb item_padding_480_600=\u00a0\u00bb8% 4%\u00a0\u00bb item_padding_480=\u00a0\u00bb8% 2%\u00a0\u00bb][vc_column_text] Un Champagne de Vigneron&#8230;<\/p>\n","protected":false},"author":3,"featured_media":0,"parent":0,"menu_order":2,"comment_status":"closed","ping_status":"closed","template":"full_width.php","meta":[],"_links":{"self":[{"href":"https:\/\/www.champagne-lecompte.fr\/fr\/wp-json\/wp\/v2\/pages\/10248"}],"collection":[{"href":"https:\/\/www.champagne-lecompte.fr\/fr\/wp-json\/wp\/v2\/pages"}],"about":[{"href":"https:\/\/www.champagne-lecompte.fr\/fr\/wp-json\/wp\/v2\/types\/page"}],"author":[{"embeddable":true,"href":"https:\/\/www.champagne-lecompte.fr\/fr\/wp-json\/wp\/v2\/users\/3"}],"replies":[{"embeddable":true,"href":"https:\/\/www.champagne-lecompte.fr\/fr\/wp-json\/wp\/v2\/comments?post=10248"}],"version-history":[{"count":2,"href":"https:\/\/www.champagne-lecompte.fr\/fr\/wp-json\/wp\/v2\/pages\/10248\/revisions"}],"predecessor-version":[{"id":11313,"href":"https:\/\/www.champagne-lecompte.fr\/fr\/wp-json\/wp\/v2\/pages\/10248\/revisions\/11313"}],"wp:attachment":[{"href":"https:\/\/www.champagne-lecompte.fr\/fr\/wp-json\/wp\/v2\/media?parent=10248"}],"curies":[{"name":"wp","href":"https:\/\/api.w.org\/{rel}","templated":true}]}}