{"id":10266,"date":"2020-04-02T16:41:22","date_gmt":"2020-04-02T14:41:22","guid":{"rendered":"http:\/\/prototype.snowandsnow.fr\/ChampagneFrancoisLecompte\/?page_id=10266"},"modified":"2021-10-26T17:49:25","modified_gmt":"2021-10-26T15:49:25","slug":"accueil","status":"publish","type":"page","link":"https:\/\/www.champagne-lecompte.fr\/fr\/","title":{"rendered":"Accueil"},"content":{"rendered":"<p>[vc_row row_type=\u00a0\u00bbrow\u00a0\u00bb use_row_as_full_screen_section=\u00a0\u00bbno\u00a0\u00bb type=\u00a0\u00bbfull_width\u00a0\u00bb text_align=\u00a0\u00bbleft\u00a0\u00bb box_shadow_on_row=\u00a0\u00bbno\u00a0\u00bb][vc_column][no_elements_holder number_of_columns=\u00a0\u00bbtwo_columns grid_66_33&Prime;][no_elements_holder_item background_image=\u00a0\u00bb10389&Prime; aligment=\u00a0\u00bbcenter\u00a0\u00bb vertical_alignment=\u00a0\u00bbmiddle\u00a0\u00bb advanced_animations=\u00a0\u00bbno\u00a0\u00bb][\/no_elements_holder_item][no_elements_holder_item background_image=\u00a0\u00bb10284&Prime; item_padding=\u00a0\u00bb15%\u00a0\u00bb aligment=\u00a0\u00bbcenter\u00a0\u00bb vertical_alignment=\u00a0\u00bbmiddle\u00a0\u00bb advanced_animations=\u00a0\u00bbno\u00a0\u00bb item_padding_1300_1600=\u00a0\u00bb12%\u00a0\u00bb item_padding_1000_1300=\u00a0\u00bb8%\u00a0\u00bb item_padding_768_1000=\u00a0\u00bb4%\u00a0\u00bb item_padding_600_768=\u00a0\u00bb4%\u00a0\u00bb item_padding_480_600=\u00a0\u00bb2%\u00a0\u00bb item_padding_480=\u00a0\u00bb2%\u00a0\u00bb][vc_single_image image=\u00a0\u00bb10364&Prime; img_size=\u00a0\u00bbfull\u00a0\u00bb alignment=\u00a0\u00bbcenter\u00a0\u00bb hover_animation=\u00a0\u00bbno\u00a0\u00bb css=\u00a0\u00bb.vc_custom_1635263362652{margin-top: 25px !important;}\u00a0\u00bb el_class=\u00a0\u00bb.firstPlanImg\u00a0\u00bb][vc_text_separator title=\u00a0\u00bbPREMIER CRU\u00a0\u00bb css_animation=\u00a0\u00bbfadeInDown\u00a0\u00bb title_size=\u00a0\u00bb16&Prime; text_in_box=\u00a0\u00bbno\u00a0\u00bb text_position=\u00a0\u00bbcenter\u00a0\u00bb line_color=\u00a0\u00bb#ffffff\u00a0\u00bb line_thickness=\u00a0\u00bb1&Prime; line_border_style=\u00a0\u00bbsolid\u00a0\u00bb up=\u00a0\u00bb25px\u00a0\u00bb line_dots=\u00a0\u00bbyes\u00a0\u00bb title_color=\u00a0\u00bb#c1c1c1&Prime;][vc_column_text css=\u00a0\u00bb.vc_custom_1602057411009{margin-top: 0px !important;margin-bottom: 55px !important;}\u00a0\u00bb]<\/p>\n<h6 style=\"text-align: center;\"><span style=\"color: #ded3ba;\">RILLY-LA-MONTAGNE<\/span><\/h6>\n<p>[\/vc_column_text][\/no_elements_holder_item][\/no_elements_holder][\/vc_column][\/vc_row][vc_row row_type=\u00a0\u00bbrow\u00a0\u00bb use_row_as_full_screen_section=\u00a0\u00bbno\u00a0\u00bb type=\u00a0\u00bbfull_width\u00a0\u00bb text_align=\u00a0\u00bbleft\u00a0\u00bb box_shadow_on_row=\u00a0\u00bbno\u00a0\u00bb][vc_column][vc_separator type=\u00a0\u00bbtransparent\u00a0\u00bb up=\u00a0\u00bb35&Prime; up_style=\u00a0\u00bbpx\u00a0\u00bb down_style=\u00a0\u00bbpx\u00a0\u00bb][\/vc_column][\/vc_row][vc_row row_type=\u00a0\u00bbrow\u00a0\u00bb use_row_as_full_screen_section=\u00a0\u00bbno\u00a0\u00bb type=\u00a0\u00bbfull_width\u00a0\u00bb text_align=\u00a0\u00bbcenter\u00a0\u00bb side_padding=\u00a0\u00bb5%\u00a0\u00bb box_shadow_on_row=\u00a0\u00bbno\u00a0\u00bb][vc_column width=\u00a0\u00bb1\/3&Prime;]<div class = \"edgt_bordered_content_box_holder\" data-shape-hover-background-color=#422f1e data-shape-border-color=#422f1e data-shape-hover-border-color= #422f1e    ><div class = \"edgt_bordered_content_box_inner\" style=\"padding: 1px 1px 1px 1px;\"><div class = \"edgt_bordered_content_box_icon_holder\"  style=\"top: -0px;\"><span class=\"edgt_icon_shade edgt_icon_shortcode font_awesome   \"  style=\"background-color: #422f1e;border-width: 1px; border-style:solid;line-height:0px;width:0px;height:0px;border-radius: 0px;-moz-border-radius: 0px;-webkit-border-radius: 0px;\"><i class=\"edgt_icon_font_awesome fa  \" style=\"color: rgba(232,232,232,0.01);line-height:0px;font-size: 0px; \" data-color=\"rgba(232,232,232,0.01)\" ><\/i><\/span><\/div>[vc_separator type=\u00a0\u00bbtransparent\u00a0\u00bb up=\u00a0\u00bb20&Prime; up_style=\u00a0\u00bbpx\u00a0\u00bb down=\u00a0\u00bb20&Prime; down_style=\u00a0\u00bbpx\u00a0\u00bb][vc_column_text]<\/p>\n<h3 style=\"text-align: center;\"><a href=\"http:\/\/www.champagne-lecompte.fr\/notre-maison\/\">Notre Maison<\/a><\/h3>\n<p style=\"text-align: center;\"><a href=\"http:\/\/www.champagne-lecompte.fr\/notre-maison\/\">D\u00e9couvrez notre terroir<\/a><\/p>\n<p>[\/vc_column_text][vc_separator type=\u00a0\u00bbtransparent\u00a0\u00bb up=\u00a0\u00bb25&Prime; up_style=\u00a0\u00bbpx\u00a0\u00bb down=\u00a0\u00bb25&Prime; down_style=\u00a0\u00bbpx\u00a0\u00bb]<\/div><\/div>[\/vc_column][vc_column width=\u00a0\u00bb1\/3&Prime;]<div class = \"edgt_bordered_content_box_holder\" data-shape-hover-background-color=#422f1e data-shape-border-color=#422f1e data-shape-hover-border-color= #422f1e    ><div class = \"edgt_bordered_content_box_inner\" style=\"padding: 1px 1px 1px 1px;\"><div class = \"edgt_bordered_content_box_icon_holder\"  style=\"top: -0px;\"><span class=\"edgt_icon_shade edgt_icon_shortcode font_awesome   \"  style=\"background-color: #422f1e;border-width: 1px; border-style:solid;line-height:0px;width:0px;height:0px;border-radius: 0px;-moz-border-radius: 0px;-webkit-border-radius: 0px;\"><i class=\"edgt_icon_font_awesome fa  \" style=\"color: rgba(232,232,232,0.01);line-height:0px;font-size: 0px; \" data-color=\"rgba(232,232,232,0.01)\" ><\/i><\/span><\/div>[vc_separator type=\u00a0\u00bbtransparent\u00a0\u00bb up=\u00a0\u00bb20&Prime; up_style=\u00a0\u00bbpx\u00a0\u00bb down=\u00a0\u00bb20&Prime; down_style=\u00a0\u00bbpx\u00a0\u00bb][vc_column_text]<\/p>\n<h3 style=\"text-align: center;\"><a href=\"http:\/\/www.champagne-lecompte.fr\/nos-champagnes\/\">Nos Champagnes<\/a><\/h3>\n<p style=\"text-align: center;\"><a href=\"http:\/\/www.champagne-lecompte.fr\/nos-champagnes\/\">D\u00e9couvrez notre gamme<\/a><\/p>\n<p>[\/vc_column_text][vc_separator type=\u00a0\u00bbtransparent\u00a0\u00bb up=\u00a0\u00bb25&Prime; up_style=\u00a0\u00bbpx\u00a0\u00bb down=\u00a0\u00bb25&Prime; down_style=\u00a0\u00bbpx\u00a0\u00bb]<\/div><\/div>[\/vc_column][vc_column width=\u00a0\u00bb1\/3&Prime;]<div class = \"edgt_bordered_content_box_holder\" data-shape-hover-background-color=#422f1e data-shape-border-color=#422f1e data-shape-hover-border-color= #422f1e    ><div class = \"edgt_bordered_content_box_inner\" style=\"padding: 1px 1px 1px 1px;\"><div class = \"edgt_bordered_content_box_icon_holder\"  style=\"top: -0px;\"><span class=\"edgt_icon_shade edgt_icon_shortcode font_awesome   \"  style=\"background-color: #422f1e;border-width: 1px; border-style:solid;line-height:0px;width:0px;height:0px;border-radius: 0px;-moz-border-radius: 0px;-webkit-border-radius: 0px;\"><i class=\"edgt_icon_font_awesome fa  \" style=\"color: rgba(232,232,232,0.01);line-height:0px;font-size: 0px; \" data-color=\"rgba(232,232,232,0.01)\" ><\/i><\/span><\/div>[vc_separator type=\u00a0\u00bbtransparent\u00a0\u00bb up=\u00a0\u00bb20&Prime; up_style=\u00a0\u00bbpx\u00a0\u00bb down=\u00a0\u00bb20&Prime; down_style=\u00a0\u00bbpx\u00a0\u00bb][vc_column_text]<\/p>\n<h3 style=\"text-align: center;\"><a href=\"http:\/\/www.champagne-lecompte.fr\/nous-joindre\/\">Nous Joindre<\/a><\/h3>\n<p style=\"text-align: center;\"><a href=\"http:\/\/www.champagne-lecompte.fr\/nous-joindre\/\">Nous sommes \u00e0 votre \u00e9coute<\/a><\/p>\n<p>[\/vc_column_text][vc_separator type=\u00a0\u00bbtransparent\u00a0\u00bb up=\u00a0\u00bb25&Prime; up_style=\u00a0\u00bbpx\u00a0\u00bb down=\u00a0\u00bb25&Prime; down_style=\u00a0\u00bbpx\u00a0\u00bb]<\/div><\/div>[\/vc_column][\/vc_row][vc_row row_type=\u00a0\u00bbrow\u00a0\u00bb use_row_as_full_screen_section=\u00a0\u00bbno\u00a0\u00bb type=\u00a0\u00bbfull_width\u00a0\u00bb text_align=\u00a0\u00bbleft\u00a0\u00bb padding_bottom=\u00a0\u00bb55px\u00a0\u00bb box_shadow_on_row=\u00a0\u00bbno\u00a0\u00bb][vc_column css=\u00a0\u00bb.vc_custom_1602064344257{margin-top: 75px !important;padding-right: 3% !important;padding-left: 3% !important;}\u00a0\u00bb][no_elements_holder number_of_columns=\u00a0\u00bbtwo_columns\u00a0\u00bb alignment_one_column=\u00a0\u00bbcenter\u00a0\u00bb][no_elements_holder_item item_padding=\u00a0\u00bb10%\u00a0\u00bb aligment=\u00a0\u00bbleft\u00a0\u00bb vertical_alignment=\u00a0\u00bbmiddle\u00a0\u00bb advanced_animations=\u00a0\u00bbno\u00a0\u00bb item_padding_1300_1600=\u00a0\u00bb10%\u00a0\u00bb item_padding_1000_1300=\u00a0\u00bb10%\u00a0\u00bb item_padding_768_1000=\u00a0\u00bb5%\u00a0\u00bb item_padding_600_768=\u00a0\u00bb5%\u00a0\u00bb item_padding_480_600=\u00a0\u00bb2%\u00a0\u00bb item_padding_480=\u00a0\u00bb2%\u00a0\u00bb][vc_column_text]<\/p>\n<h3 style=\"text-align: left;\"><span style=\"color: #808080;\">Depuis 1876 \u00e0 Rilly-la-Montagne<\/span><\/h3>\n<p>[\/vc_column_text][vc_separator type=\u00a0\u00bbtransparent\u00a0\u00bb up=\u00a0\u00bb15&Prime; up_style=\u00a0\u00bbpx\u00a0\u00bb down=\u00a0\u00bb15&Prime; down_style=\u00a0\u00bbpx\u00a0\u00bb][vc_column_text]Le Champagne Fran\u00e7ois Lecompte est un Grand Champagne Premier Cru r\u00e9colt\u00e9 exclusivement sur le terroir de Rilly-la-Montagne, press\u00e9, vinifi\u00e9, mis en bouteille puis vieilli dans nos caves \u00e0 la propri\u00e9t\u00e9.<\/p>\n<p>&nbsp;<\/p>\n<p>Riche de nuances et fier de ses traditions, ce vin de Champagne Monoterroir vous invite \u00e0 d\u00e9couvrir une palette d\u2019ar\u00f4mes et de sensations harmonieuses.<\/p>\n<p>La diversit\u00e9 de ses Cuv\u00e9es \u00e9lev\u00e9es en f\u00fbt de ch\u00eane ainsi que la d\u00e9clinaison de ses grands Mill\u00e9simes accompagnent tous les instants de votre vie.<\/p>\n<p>&nbsp;<\/p>\n<p>Les champagnes Fran\u00e7ois Lecompte Premier CRU s&rsquo;expriment, se partagent&#8230; d\u00e9couvrez-les ![\/vc_column_text][\/no_elements_holder_item][no_elements_holder_item aligment=\u00a0\u00bbcenter\u00a0\u00bb advanced_animations=\u00a0\u00bbno\u00a0\u00bb][vc_row_inner row_type=\u00a0\u00bbrow\u00a0\u00bb type=\u00a0\u00bbfull_width\u00a0\u00bb use_row_as_full_screen_section_slide=\u00a0\u00bbno\u00a0\u00bb text_align=\u00a0\u00bbleft\u00a0\u00bb box_shadow_on_row=\u00a0\u00bbno\u00a0\u00bb][vc_column_inner width=\u00a0\u00bb1\/2&Prime;][vc_single_image image=\u00a0\u00bb10707&Prime; img_size=\u00a0\u00bbfull\u00a0\u00bb alignment=\u00a0\u00bbcenter\u00a0\u00bb onclick=\u00a0\u00bbcustom_link\u00a0\u00bb hover_animation=\u00a0\u00bbno\u00a0\u00bb link=\u00a0\u00bbhttp:\/\/www.champagne-lecompte.fr\/decouvrir\/qu-est-ce-qu-un-recoltant-manipulant\/\u00a0\u00bb][vc_separator type=\u00a0\u00bbtransparent\u00a0\u00bb up=\u00a0\u00bb15px\u00a0\u00bb up_style=\u00a0\u00bbpx\u00a0\u00bb down_style=\u00a0\u00bbpx\u00a0\u00bb][vc_column_text]<\/p>\n<h6 style=\"text-align: center;\">QU\u2019EST-CE QU\u2019UN R\u00c9COLTANT-MANIPULANT ?<\/h6>\n<h4 style=\"text-align: center;\"><\/h4>\n<p>[\/vc_column_text][\/vc_column_inner][vc_column_inner width=\u00a0\u00bb1\/2&Prime;][vc_single_image image=\u00a0\u00bb10706&Prime; img_size=\u00a0\u00bbfull\u00a0\u00bb alignment=\u00a0\u00bbcenter\u00a0\u00bb onclick=\u00a0\u00bbcustom_link\u00a0\u00bb hover_animation=\u00a0\u00bbno\u00a0\u00bb link=\u00a0\u00bbhttp:\/\/www.champagne-lecompte.fr\/decouvrir\/qu-est-ce-qu-un-champagne-premier-cru\/\u00a0\u00bb][vc_separator type=\u00a0\u00bbtransparent\u00a0\u00bb up=\u00a0\u00bb15px\u00a0\u00bb up_style=\u00a0\u00bbpx\u00a0\u00bb down_style=\u00a0\u00bbpx\u00a0\u00bb][vc_column_text]<\/p>\n<h6 style=\"text-align: center;\">QU\u2019EST-CE QU\u2019UN CHAMPAGNE PREMIER CRU ?<\/h6>\n<p>[\/vc_column_text][\/vc_column_inner][\/vc_row_inner][vc_separator type=\u00a0\u00bbtransparent\u00a0\u00bb up=\u00a0\u00bb15px\u00a0\u00bb up_style=\u00a0\u00bbpx\u00a0\u00bb down=\u00a0\u00bb15px\u00a0\u00bb down_style=\u00a0\u00bbpx\u00a0\u00bb][vc_row_inner row_type=\u00a0\u00bbrow\u00a0\u00bb type=\u00a0\u00bbfull_width\u00a0\u00bb use_row_as_full_screen_section_slide=\u00a0\u00bbno\u00a0\u00bb text_align=\u00a0\u00bbleft\u00a0\u00bb box_shadow_on_row=\u00a0\u00bbno\u00a0\u00bb][vc_column_inner width=\u00a0\u00bb1\/2&Prime;][vc_single_image image=\u00a0\u00bb10712&Prime; img_size=\u00a0\u00bbfull\u00a0\u00bb alignment=\u00a0\u00bbcenter\u00a0\u00bb onclick=\u00a0\u00bbcustom_link\u00a0\u00bb hover_animation=\u00a0\u00bbno\u00a0\u00bb link=\u00a0\u00bbhttp:\/\/www.champagne-lecompte.fr\/decouvrir\/comment-deguster-notre-champagne\/\u00a0\u00bb][vc_separator type=\u00a0\u00bbtransparent\u00a0\u00bb up=\u00a0\u00bb15px\u00a0\u00bb up_style=\u00a0\u00bbpx\u00a0\u00bb down_style=\u00a0\u00bbpx\u00a0\u00bb][vc_column_text]<\/p>\n<h6 style=\"text-align: center;\">COMMENT DEGUSTER NOTRE CHAMPAGNE<\/h6>\n<p>[\/vc_column_text][\/vc_column_inner][vc_column_inner width=\u00a0\u00bb1\/2&Prime;][vc_single_image image=\u00a0\u00bb10711&Prime; img_size=\u00a0\u00bbfull\u00a0\u00bb alignment=\u00a0\u00bbcenter\u00a0\u00bb onclick=\u00a0\u00bbcustom_link\u00a0\u00bb hover_animation=\u00a0\u00bbno\u00a0\u00bb link=\u00a0\u00bbhttp:\/\/www.champagne-lecompte.fr\/decouvrir\/qu-est-ce-qu-un-champagne\/\u00a0\u00bb][vc_separator type=\u00a0\u00bbtransparent\u00a0\u00bb up=\u00a0\u00bb15px\u00a0\u00bb up_style=\u00a0\u00bbpx\u00a0\u00bb down_style=\u00a0\u00bbpx\u00a0\u00bb][vc_column_text]<\/p>\n<h6 style=\"text-align: center;\">QU\u2019EST-CE QU\u2019UN CHAMPAGNE BRUT, EXTRA-BRUT, NON DOS\u00c9, ROS\u00c9 ?<\/h6>\n<p>[\/vc_column_text][\/vc_column_inner][\/vc_row_inner][\/no_elements_holder_item][\/no_elements_holder][vc_separator type=\u00a0\u00bbtransparent\u00a0\u00bb up=\u00a0\u00bb55px\u00a0\u00bb up_style=\u00a0\u00bbpx\u00a0\u00bb down_style=\u00a0\u00bbpx\u00a0\u00bb][\/vc_column][\/vc_row]<\/p>\n","protected":false},"excerpt":{"rendered":"<p>[vc_row row_type=\u00a0\u00bbrow\u00a0\u00bb use_row_as_full_screen_section=\u00a0\u00bbno\u00a0\u00bb type=\u00a0\u00bbfull_width\u00a0\u00bb text_align=\u00a0\u00bbleft\u00a0\u00bb box_shadow_on_row=\u00a0\u00bbno\u00a0\u00bb][vc_column][no_elements_holder number_of_columns=\u00a0\u00bbtwo_columns grid_66_33&Prime;][no_elements_holder_item background_image=\u00a0\u00bb10389&Prime; aligment=\u00a0\u00bbcenter\u00a0\u00bb vertical_alignment=\u00a0\u00bbmiddle\u00a0\u00bb advanced_animations=\u00a0\u00bbno\u00a0\u00bb][\/no_elements_holder_item][no_elements_holder_item background_image=\u00a0\u00bb10284&Prime; item_padding=\u00a0\u00bb15%\u00a0\u00bb aligment=\u00a0\u00bbcenter\u00a0\u00bb vertical_alignment=\u00a0\u00bbmiddle\u00a0\u00bb advanced_animations=\u00a0\u00bbno\u00a0\u00bb item_padding_1300_1600=\u00a0\u00bb12%\u00a0\u00bb item_padding_1000_1300=\u00a0\u00bb8%\u00a0\u00bb item_padding_768_1000=\u00a0\u00bb4%\u00a0\u00bb item_padding_600_768=\u00a0\u00bb4%\u00a0\u00bb item_padding_480_600=\u00a0\u00bb2%\u00a0\u00bb item_padding_480=\u00a0\u00bb2%\u00a0\u00bb][vc_single_image image=\u00a0\u00bb10364&Prime; img_size=\u00a0\u00bbfull\u00a0\u00bb alignment=\u00a0\u00bbcenter\u00a0\u00bb hover_animation=\u00a0\u00bbno\u00a0\u00bb&#8230;<\/p>\n","protected":false},"author":3,"featured_media":0,"parent":0,"menu_order":0,"comment_status":"closed","ping_status":"closed","template":"full_width.php","meta":[],"_links":{"self":[{"href":"https:\/\/www.champagne-lecompte.fr\/fr\/wp-json\/wp\/v2\/pages\/10266"}],"collection":[{"href":"https:\/\/www.champagne-lecompte.fr\/fr\/wp-json\/wp\/v2\/pages"}],"about":[{"href":"https:\/\/www.champagne-lecompte.fr\/fr\/wp-json\/wp\/v2\/types\/page"}],"author":[{"embeddable":true,"href":"https:\/\/www.champagne-lecompte.fr\/fr\/wp-json\/wp\/v2\/users\/3"}],"replies":[{"embeddable":true,"href":"https:\/\/www.champagne-lecompte.fr\/fr\/wp-json\/wp\/v2\/comments?post=10266"}],"version-history":[{"count":3,"href":"https:\/\/www.champagne-lecompte.fr\/fr\/wp-json\/wp\/v2\/pages\/10266\/revisions"}],"predecessor-version":[{"id":10980,"href":"https:\/\/www.champagne-lecompte.fr\/fr\/wp-json\/wp\/v2\/pages\/10266\/revisions\/10980"}],"wp:attachment":[{"href":"https:\/\/www.champagne-lecompte.fr\/fr\/wp-json\/wp\/v2\/media?parent=10266"}],"curies":[{"name":"wp","href":"https:\/\/api.w.org\/{rel}","templated":true}]}}