{"id":10436,"date":"2020-09-29T21:51:28","date_gmt":"2020-09-29T19:51:14","guid":{"rendered":"http:\/\/prototype.snowandsnow.fr\/ChampagneFrancoisLecompte\/nos-champagnes\/champagne-millesime-extra-brut-2\/"},"modified":"2026-03-20T16:24:55","modified_gmt":"2026-03-20T15:24:55","slug":"champagne-millesime-nature","status":"publish","type":"page","link":"https:\/\/www.champagne-lecompte.fr\/fr\/nos-champagnes\/collection-capitale\/champagne-millesime-nature\/","title":{"rendered":"Champagne Mill\u00e9sime NATURE"},"content":{"rendered":"<p>[vc_row row_type=\u00a0\u00bbrow\u00a0\u00bb use_row_as_full_screen_section=\u00a0\u00bbyes\u00a0\u00bb type=\u00a0\u00bbfull_width\u00a0\u00bb text_align=\u00a0\u00bbcenter\u00a0\u00bb background_image=\u00a0\u00bb10409&Prime; padding_top=\u00a0\u00bb110&Prime; padding_bottom=\u00a0\u00bb110&Prime; box_shadow_on_row=\u00a0\u00bbno\u00a0\u00bb][vc_column width=\u00a0\u00bb1\/2&Prime; offset=\u00a0\u00bbvc_hidden-sm vc_hidden-xs\u00a0\u00bb][vc_single_image image=\u00a0\u00bb10437&Prime; img_size=\u00a0\u00bbfull\u00a0\u00bb alignment=\u00a0\u00bbcenter\u00a0\u00bb hover_animation=\u00a0\u00bbno\u00a0\u00bb][\/vc_column][vc_column width=\u00a0\u00bb1\/2&Prime;][vc_column_text]<\/p>\n<h2>Mill\u00e9sime Nature<\/h2>\n<p>[\/vc_column_text][vc_text_separator title=\u00a0\u00bb2017&Prime; text_in_box=\u00a0\u00bbno\u00a0\u00bb text_position=\u00a0\u00bbcenter\u00a0\u00bb box_padding=\u00a0\u00bb15&Prime; line_width=\u00a0\u00bb258&Prime; line_thickness=\u00a0\u00bb1&Prime; line_border_style=\u00a0\u00bbsolid\u00a0\u00bb up=\u00a0\u00bb12&Prime; down=\u00a0\u00bb15&Prime; animation=\u00a0\u00bbanimate_width\u00a0\u00bb line_dots=\u00a0\u00bbno\u00a0\u00bb][vc_column_text css=\u00a0\u00bb.vc_custom_1601409337136{margin-bottom: 30px !important;}\u00a0\u00bb]<em>L\u2019interpr\u00e9tation Pure de la qualit\u00e9 du vin et de son terroir\u2026<\/em>[\/vc_column_text][vc_single_image image=\u00a0\u00bb10439&Prime; img_size=\u00a0\u00bbfull\u00a0\u00bb alignment=\u00a0\u00bbcenter\u00a0\u00bb hover_animation=\u00a0\u00bbno\u00a0\u00bb edgt_css_animation=\u00a0\u00bbelement_from_fade\u00a0\u00bb el_class=\u00a0\u00bbvc_hidden-lg vc_hidden-md\u00a0\u00bb][vc_column_text css=\u00a0\u00bb.vc_custom_1712912091920{margin-top: 5em !important;padding-right: 2em !important;padding-left: 2em !important;}\u00a0\u00bb]Ce\u00a0champagne non Dos\u00e9 (aucun sucre ajout\u00e9),\u00a0sans fard, tout en finesse, est r\u00e9v\u00e9lateur de la qualit\u00e9 de notre Maison et de nos raisins.<\/p>\n<p>Notre Champagne Nature est un vin dont la complexit\u00e9 et la richesse en ar\u00f4mes permet de percevoir les qualit\u00e9s intrins\u00e8ques du vin et de son terroir.<\/p>\n<p>Couleur jaune soutenu brillant.<\/p>\n<p>Nez puissant sur fruits blancs m\u00fbrs<\/p>\n<p>Bouche tonique, p\u00eaches tr\u00e8s m\u00fbres, avec une finale longue.<\/p>\n<p>Il sera servi id\u00e9alement \u00e0 l\u2019ap\u00e9ritif ou en ouverture de repas, et appr\u00e9ci\u00e9 par les amateurs de sensations de min\u00e9ralit\u00e9, tr\u00e8s pures.<\/p>\n<p>Au plus pr\u00e8s de la Nature, Un Champagne fin et tendu d\u2019une grande puret\u00e9.<\/p>\n<p><strong>Un Grand Champagne de Connaisseur.<\/strong><\/p>\n<p><strong>\u00a0<\/strong>[\/vc_column_text][\/vc_column][\/vc_row][vc_row row_type=\u00a0\u00bbrow\u00a0\u00bb use_row_as_full_screen_section=\u00a0\u00bbno\u00a0\u00bb type=\u00a0\u00bbfull_width\u00a0\u00bb text_align=\u00a0\u00bbleft\u00a0\u00bb background_image=\u00a0\u00bb10433&Prime; background_color=\u00a0\u00bb#f8f8f8&Prime; side_padding=\u00a0\u00bb34px 34px 34px 34px\u00a0\u00bb box_shadow_on_row=\u00a0\u00bbno\u00a0\u00bb][vc_column][no_elements_holder number_of_columns=\u00a0\u00bbtwo_columns\u00a0\u00bb][no_elements_holder_item background_color=\u00a0\u00bb#f8f8f8&Prime; item_padding=\u00a0\u00bb34px\u00a0\u00bb aligment=\u00a0\u00bbcenter\u00a0\u00bb advanced_animations=\u00a0\u00bbno\u00a0\u00bb elemnts_holder_frame=\u00a0\u00bbno\u00a0\u00bb][no_bordered_elements_holder hover_animation=\u00a0\u00bbedgt_box_scale_in\u00a0\u00bb border_color=\u00a0\u00bb#d8a97e\u00a0\u00bb border_width=\u00a0\u00bb1&Prime; holder_padding=\u00a0\u00bb26.4% 18% 26.7% 18%\u00a0\u00bb][vc_column_text]<\/p>\n<h2 style=\"text-align: left;\">Notes de D\u00e9gustation<\/h2>\n<p>[\/vc_column_text][vc_separator type=\u00a0\u00bbtransparent\u00a0\u00bb up=\u00a0\u00bb16&Prime; up_style=\u00a0\u00bbpx\u00a0\u00bb down=\u00a0\u00bb0&Prime; down_style=\u00a0\u00bbpx\u00a0\u00bb][vc_column_text]<\/p>\n<h6 style=\"text-align: left;\"><span style=\"color: #b57d4b;\">Vieilli en cave pendant 7 ans<\/span><\/h6>\n<p>[\/vc_column_text][vc_separator type=\u00a0\u00bbtransparent\u00a0\u00bb up=\u00a0\u00bb37&Prime; up_style=\u00a0\u00bbpx\u00a0\u00bb down=\u00a0\u00bb0&Prime; down_style=\u00a0\u00bbpx\u00a0\u00bb][vc_column_text]<\/p>\n<p style=\"text-align: left;\"><strong>\u0152IL<\/strong> :La robe est d&rsquo;un bel Or Dor\u00e9, brillant.<\/p>\n<p style=\"text-align: left;\"><strong>NEZ<\/strong> : Le nez est sur la tartine de beurre, le pain grill\u00e9, gourmand.<\/p>\n<p style=\"text-align: left;\"><strong>BOUCHE<\/strong> : La bouche est droite, vivace, min\u00e9rale, avec une bonne longueur. Apparaissent\u00a0l\u2019ar\u00f4me de noix, du noyau de cerise, avec une finale sur la griotte.<\/p>\n<p>[\/vc_column_text][vc_separator type=\u00a0\u00bbtransparent\u00a0\u00bb up=\u00a0\u00bb36&Prime; up_style=\u00a0\u00bbpx\u00a0\u00bb down=\u00a0\u00bb0&Prime; down_style=\u00a0\u00bbpx\u00a0\u00bb][\/no_bordered_elements_holder][\/no_elements_holder_item][no_elements_holder_item background_image=\u00a0\u00bb15871&Prime; aligment=\u00a0\u00bbleft\u00a0\u00bb advanced_animations=\u00a0\u00bbno\u00a0\u00bb elemnts_holder_frame=\u00a0\u00bbno\u00a0\u00bb][\/no_elements_holder_item][\/no_elements_holder][\/vc_column][\/vc_row][vc_row row_type=\u00a0\u00bbparallax\u00a0\u00bb type=\u00a0\u00bbfull_width\u00a0\u00bb text_align=\u00a0\u00bbcenter\u00a0\u00bb background_image=\u00a0\u00bb10425&Prime; full_screen_section_height=\u00a0\u00bbno\u00a0\u00bb section_height=\u00a0\u00bb860&Prime; side_padding=\u00a0\u00bb34px\u00a0\u00bb][vc_column][vc_separator type=\u00a0\u00bbtransparent\u00a0\u00bb up=\u00a0\u00bb34&Prime; up_style=\u00a0\u00bbpx\u00a0\u00bb down=\u00a0\u00bb0&Prime; down_style=\u00a0\u00bbpx\u00a0\u00bb][no_bordered_elements_holder hover_animation=\u00a0\u00bbedgt_box_scale_in\u00a0\u00bb border_color=\u00a0\u00bbrgba(255,255,255,0.56)\u00a0\u00bb border_width=\u00a0\u00bb1&Prime; holder_padding=\u00a0\u00bb11.3% 15% 12.1% 15%\u00a0\u00bb][no_elements_holder number_of_columns=\u00a0\u00bbone_column\u00a0\u00bb alignment_one_column=\u00a0\u00bbcenter\u00a0\u00bb][no_elements_holder_item item_padding=\u00a0\u00bb0 0 20px 0&Prime; aligment=\u00a0\u00bbcenter\u00a0\u00bb vertical_alignment=\u00a0\u00bbtop\u00a0\u00bb advanced_animations=\u00a0\u00bbno\u00a0\u00bb elemnts_holder_frame=\u00a0\u00bbno\u00a0\u00bb]<div class=\"custom_font_holder\" style=\"font-family: Playfair Display; font-size: 48px; line-height: 84px; font-style: normal; font-weight: 400; color: #ffffff; text-decoration: none; letter-spacing: 1px;; text-transform: none; text-align: center\" data-font-size=48 data-line-height=84 ><div  ><strong><u>Vinification<\/u><\/strong><\/div><\/div>[\/no_elements_holder_item][\/no_elements_holder][no_elements_holder number_of_columns=\u00a0\u00bbone_column\u00a0\u00bb][no_elements_holder_item item_padding=\u00a0\u00bb0 0 42px 0&Prime; aligment=\u00a0\u00bbcenter\u00a0\u00bb vertical_alignment=\u00a0\u00bbtop\u00a0\u00bb advanced_animations=\u00a0\u00bbno\u00a0\u00bb elemnts_holder_frame=\u00a0\u00bbno\u00a0\u00bb][\/no_elements_holder_item][\/no_elements_holder][no_elements_holder number_of_columns=\u00a0\u00bbtwo_columns grid_66_33&Prime;][no_elements_holder_item item_padding=\u00a0\u00bb0 6% 0 6%\u00a0\u00bb aligment=\u00a0\u00bbleft\u00a0\u00bb vertical_alignment=\u00a0\u00bbtop\u00a0\u00bb advanced_animations=\u00a0\u00bbno\u00a0\u00bb item_padding_1000_1300=\u00a0\u00bb0 6% 0 6%\u00a0\u00bb item_padding_768_1000=\u00a0\u00bb0 0 0 0&Prime; item_padding_600_768=\u00a0\u00bb0 0 0 0&Prime; item_padding_480_600=\u00a0\u00bb0 0 0 0&Prime; item_padding_480=\u00a0\u00bb0 0 0 0&Prime; elemnts_holder_frame=\u00a0\u00bbno\u00a0\u00bb][vc_column_text]<span style=\"color: #ffffff;\"><b>TERROIR : PREMIER CRU<\/b><\/span><\/p>\n<p><span style=\"color: #ffffff;\">Rilly-la-Montagne, Montagne de Reims (51).<\/span><\/p>\n<p>&nbsp;<\/p>\n<p><span style=\"color: #ffffff;\"><b>VINIFICATION :<\/b><\/span><\/p>\n<p><span style=\"color: #ffffff;\">Seule \u00ab\u00a0la Cuv\u00e9e\u00a0\u00bb (premier jus de la premi\u00e8re presse) entre dans la composition de nos champagnes.<\/span><\/p>\n<p><span style=\"color: #ffffff;\">Vinification naturelle, sans aucun ajout de levures (fermentation spontan\u00e9e par les levures indig\u00e8nes contenues dans le vin).<\/span><\/p>\n<p><span style=\"color: #ffffff;\">Fermentation malolactique effectu\u00e9e.<\/span><\/p>\n<p>[\/vc_column_text][vc_separator type=\u00a0\u00bbtransparent\u00a0\u00bb up=\u00a0\u00bb41&Prime; up_style=\u00a0\u00bbpx\u00a0\u00bb down=\u00a0\u00bb0&Prime; down_style=\u00a0\u00bbpx\u00a0\u00bb][\/no_elements_holder_item][no_elements_holder_item item_padding=\u00a0\u00bb0 6% 0 6%\u00a0\u00bb aligment=\u00a0\u00bbleft\u00a0\u00bb vertical_alignment=\u00a0\u00bbtop\u00a0\u00bb advanced_animations=\u00a0\u00bbno\u00a0\u00bb item_padding_1000_1300=\u00a0\u00bb0 6% 0 6%\u00a0\u00bb item_padding_768_1000=\u00a0\u00bb0 0 0 0&Prime; item_padding_600_768=\u00a0\u00bb0 0 0 0&Prime; item_padding_480_600=\u00a0\u00bb0 0 0 0&Prime; item_padding_480=\u00a0\u00bb0 0 0 0&Prime; elemnts_holder_frame=\u00a0\u00bbno\u00a0\u00bb][vc_column_text]<\/p>\n<p><span style=\"color: #ffffff;\"><b>COMPOSITION : <\/b><\/span><\/p>\n<p><span style=\"color: #ffffff;\">40 % Chardonnay,<\/span><\/p>\n<p><span style=\"color: #ffffff;\">30 % Pinot Noir,<\/span><\/p>\n<p><span style=\"color: #ffffff;\">30 % Pinot Meunier<\/span><\/p>\n<p><span style=\"color: #ffffff;\"><b>VIEILLISSEMENT EN CAVE : <\/b>7 ans<\/span><\/p>\n<p><span style=\"color: #ffffff;\"><b>DOSAGE AU DEGORGEMENT : <\/b>3 g<\/span><\/p>\n<p><span style=\"color: #ffffff;\"><b>CONTENANTS : <\/b><\/span><\/p>\n<p><span style=\"color: #ffffff;\">Bouteille\u00a0 75\u00a0 cl<\/span><\/p>\n<p>[\/vc_column_text][vc_separator type=\u00a0\u00bbtransparent\u00a0\u00bb up=\u00a0\u00bb41&Prime; up_style=\u00a0\u00bbpx\u00a0\u00bb down=\u00a0\u00bb0&Prime; down_style=\u00a0\u00bbpx\u00a0\u00bb][\/no_elements_holder_item][\/no_elements_holder][\/no_bordered_elements_holder][vc_separator type=\u00a0\u00bbtransparent\u00a0\u00bb up=\u00a0\u00bb34&Prime; up_style=\u00a0\u00bbpx\u00a0\u00bb down=\u00a0\u00bb0&Prime; down_style=\u00a0\u00bbpx\u00a0\u00bb][\/vc_column][\/vc_row]<\/p>\n","protected":false},"excerpt":{"rendered":"<p>[vc_row row_type=\u00a0\u00bbrow\u00a0\u00bb use_row_as_full_screen_section=\u00a0\u00bbyes\u00a0\u00bb type=\u00a0\u00bbfull_width\u00a0\u00bb text_align=\u00a0\u00bbcenter\u00a0\u00bb background_image=\u00a0\u00bb10409&Prime; padding_top=\u00a0\u00bb110&Prime; padding_bottom=\u00a0\u00bb110&Prime; box_shadow_on_row=\u00a0\u00bbno\u00a0\u00bb][vc_column width=\u00a0\u00bb1\/2&Prime; offset=\u00a0\u00bbvc_hidden-sm vc_hidden-xs\u00a0\u00bb][vc_single_image image=\u00a0\u00bb10437&Prime; img_size=\u00a0\u00bbfull\u00a0\u00bb alignment=\u00a0\u00bbcenter\u00a0\u00bb hover_animation=\u00a0\u00bbno\u00a0\u00bb][\/vc_column][vc_column width=\u00a0\u00bb1\/2&Prime;][vc_column_text] Mill\u00e9sime Nature [\/vc_column_text][vc_text_separator title=\u00a0\u00bb2017&Prime; text_in_box=\u00a0\u00bbno\u00a0\u00bb text_position=\u00a0\u00bbcenter\u00a0\u00bb box_padding=\u00a0\u00bb15&Prime; line_width=\u00a0\u00bb258&Prime; line_thickness=\u00a0\u00bb1&Prime; line_border_style=\u00a0\u00bbsolid\u00a0\u00bb&#8230;<\/p>\n","protected":false},"author":3,"featured_media":0,"parent":10476,"menu_order":0,"comment_status":"closed","ping_status":"closed","template":"full_width.php","meta":[],"_links":{"self":[{"href":"https:\/\/www.champagne-lecompte.fr\/fr\/wp-json\/wp\/v2\/pages\/10436"}],"collection":[{"href":"https:\/\/www.champagne-lecompte.fr\/fr\/wp-json\/wp\/v2\/pages"}],"about":[{"href":"https:\/\/www.champagne-lecompte.fr\/fr\/wp-json\/wp\/v2\/types\/page"}],"author":[{"embeddable":true,"href":"https:\/\/www.champagne-lecompte.fr\/fr\/wp-json\/wp\/v2\/users\/3"}],"replies":[{"embeddable":true,"href":"https:\/\/www.champagne-lecompte.fr\/fr\/wp-json\/wp\/v2\/comments?post=10436"}],"version-history":[{"count":4,"href":"https:\/\/www.champagne-lecompte.fr\/fr\/wp-json\/wp\/v2\/pages\/10436\/revisions"}],"predecessor-version":[{"id":11317,"href":"https:\/\/www.champagne-lecompte.fr\/fr\/wp-json\/wp\/v2\/pages\/10436\/revisions\/11317"}],"up":[{"embeddable":true,"href":"https:\/\/www.champagne-lecompte.fr\/fr\/wp-json\/wp\/v2\/pages\/10476"}],"wp:attachment":[{"href":"https:\/\/www.champagne-lecompte.fr\/fr\/wp-json\/wp\/v2\/media?parent=10436"}],"curies":[{"name":"wp","href":"https:\/\/api.w.org\/{rel}","templated":true}]}}