{"id":10460,"date":"2020-09-29T22:49:28","date_gmt":"2020-09-29T20:49:16","guid":{"rendered":"http:\/\/prototype.snowandsnow.fr\/ChampagneFrancoisLecompte\/nos-champagnes\/champagne-rose-2\/"},"modified":"2025-02-10T17:29:38","modified_gmt":"2025-02-10T16:29:38","slug":"champagne-cuvee-celeste","status":"publish","type":"page","link":"https:\/\/www.champagne-lecompte.fr\/fr\/nos-champagnes\/collection-brillance\/champagne-cuvee-celeste\/","title":{"rendered":"Cuv\u00e9e C\u00e9leste"},"content":{"rendered":"<p>[vc_row row_type=\u00a0\u00bbrow\u00a0\u00bb use_row_as_full_screen_section=\u00a0\u00bbyes\u00a0\u00bb type=\u00a0\u00bbfull_width\u00a0\u00bb text_align=\u00a0\u00bbcenter\u00a0\u00bb background_image=\u00a0\u00bb10515&Prime; padding_top=\u00a0\u00bb110&Prime; padding_bottom=\u00a0\u00bb110&Prime; box_shadow_on_row=\u00a0\u00bbno\u00a0\u00bb][vc_column width=\u00a0\u00bb1\/2&Prime; offset=\u00a0\u00bbvc_hidden-sm vc_hidden-xs\u00a0\u00bb][vc_single_image image=\u00a0\u00bb10519&Prime; img_size=\u00a0\u00bbfull\u00a0\u00bb alignment=\u00a0\u00bbcenter\u00a0\u00bb hover_animation=\u00a0\u00bbno\u00a0\u00bb][\/vc_column][vc_column width=\u00a0\u00bb1\/2&Prime;][vc_column_text]<\/p>\n<h2>Cuv\u00e9e C\u00e9leste<\/h2>\n<h2>Cuv\u00e9e C\u00e9leste Ros\u00e9<\/h2>\n<p>[\/vc_column_text][vc_text_separator title=\u00a0\u00bb\u2022\u00a0\u00bb text_in_box=\u00a0\u00bbno\u00a0\u00bb text_position=\u00a0\u00bbcenter\u00a0\u00bb box_padding=\u00a0\u00bb15&Prime; line_width=\u00a0\u00bb258&Prime; line_thickness=\u00a0\u00bb1&Prime; line_border_style=\u00a0\u00bbsolid\u00a0\u00bb up=\u00a0\u00bb12&Prime; down=\u00a0\u00bb15&Prime; animation=\u00a0\u00bbanimate_width\u00a0\u00bb line_dots=\u00a0\u00bbno\u00a0\u00bb][vc_column_text css=\u00a0\u00bb.vc_custom_1601485686790{margin-bottom: 30px !important;}\u00a0\u00bb]<em>L\u2019harmonie de nos trois c\u00e9pages \u00e9lev\u00e9s en f\u00fbts de ch\u00eane\u2026<\/em>[\/vc_column_text][vc_single_image image=\u00a0\u00bb10520&Prime; img_size=\u00a0\u00bbfull\u00a0\u00bb alignment=\u00a0\u00bbcenter\u00a0\u00bb hover_animation=\u00a0\u00bbno\u00a0\u00bb edgt_css_animation=\u00a0\u00bbelement_from_fade\u00a0\u00bb el_class=\u00a0\u00bbvc_hidden-lg vc_hidden-md\u00a0\u00bb][vc_column_text css=\u00a0\u00bb.vc_custom_1602183169620{margin-top: 5em !important;padding-right: 4em !important;padding-left: 4em !important;}\u00a0\u00bb]Ce vin s\u2019illustre par son \u00e9l\u00e9gance et sa distinction.<\/p>\n<p>Un ballet po\u00e9tique de fines bulles et une tr\u00e8s belle mousse cr\u00e9meuse se d\u00e9voilent dans ce champagne expressif et fougueux.<\/p>\n<p>La fra\u00eecheur et l\u2019intensit\u00e9 de cette cuv\u00e9e sont magnifi\u00e9es par son \u00e9levage sous bois, r\u00e9v\u00e9lant des ar\u00f4mes miell\u00e9s, \u00e9l\u00e9gants et friands.<\/p>\n<p>Pr\u00e9cis et intense, le spectre aromatique exprime parfaitement la personnalit\u00e9 de ce tr\u00e8s grand VIN de Champagne.<\/p>\n<p><strong>Un Grand Champagne Pur et Rac\u00e9.<\/strong>[\/vc_column_text][\/vc_column][\/vc_row][vc_row row_type=\u00a0\u00bbrow\u00a0\u00bb use_row_as_full_screen_section=\u00a0\u00bbno\u00a0\u00bb type=\u00a0\u00bbfull_width\u00a0\u00bb text_align=\u00a0\u00bbleft\u00a0\u00bb background_image=\u00a0\u00bb10391&Prime; background_color=\u00a0\u00bb#f8f8f8&Prime; side_padding=\u00a0\u00bb34px 34px 34px 34px\u00a0\u00bb box_shadow_on_row=\u00a0\u00bbno\u00a0\u00bb][vc_column][no_elements_holder number_of_columns=\u00a0\u00bbtwo_columns\u00a0\u00bb][no_elements_holder_item background_color=\u00a0\u00bb#f8f8f8&Prime; item_padding=\u00a0\u00bb34px\u00a0\u00bb aligment=\u00a0\u00bbcenter\u00a0\u00bb advanced_animations=\u00a0\u00bbno\u00a0\u00bb elemnts_holder_frame=\u00a0\u00bbno\u00a0\u00bb][no_bordered_elements_holder hover_animation=\u00a0\u00bbedgt_box_scale_in\u00a0\u00bb border_color=\u00a0\u00bb#d8a97e\u00a0\u00bb border_width=\u00a0\u00bb1&Prime; holder_padding=\u00a0\u00bb26.4% 18% 26.7% 18%\u00a0\u00bb][vc_column_text]<\/p>\n<h2 style=\"text-align: left;\">Notes de D\u00e9gustation<\/h2>\n<p>[\/vc_column_text][vc_separator type=\u00a0\u00bbtransparent\u00a0\u00bb up=\u00a0\u00bb16&Prime; up_style=\u00a0\u00bbpx\u00a0\u00bb down=\u00a0\u00bb0&Prime; down_style=\u00a0\u00bbpx\u00a0\u00bb][vc_column_text]<\/p>\n<h6 style=\"text-align: left;\"><span style=\"color: #b57d4b;\">Vieilli en cave pendant 6 ans<\/span><\/h6>\n<p>[\/vc_column_text][vc_separator type=\u00a0\u00bbtransparent\u00a0\u00bb up=\u00a0\u00bb37&Prime; up_style=\u00a0\u00bbpx\u00a0\u00bb down=\u00a0\u00bb0&Prime; down_style=\u00a0\u00bbpx\u00a0\u00bb][vc_column_text]<\/p>\n<p style=\"text-align: left;\"><strong>\u0152IL<\/strong> : Cette Cuv\u00e9e sp\u00e9ciale se pr\u00e9sente sur le jaune clair, l\u00e9g\u00e8rement dor\u00e9, brillant. De fines bulles forment un fin cordon de mousse.<\/p>\n<p style=\"text-align: left;\"><strong>NEZ<\/strong> : fin, l\u00e9ger, tr\u00e8s a\u00e9rien, sur le caramel au lait, les notes florales et printani\u00e8res.<\/p>\n<p style=\"text-align: left;\"><strong>BOUCHE<\/strong> : Tr\u00e8s \u00e9l\u00e9gante et friande. C&rsquo;est la finesse bois\u00e9e qui appara\u00eet en premier en bouche, puis arrivent l\u2019agrume et le pamplemousse. La consistance charnue du vin est mise en valeur par une fra\u00eecheur \u00e9lanc\u00e9e qui gagne une finale fringante et accessible.<\/p>\n<p style=\"text-align: left;\">Une Cuv\u00e9e \u00e0 la vivacit\u00e9 bien marqu\u00e9e,\u00a0parfaitement cisel\u00e9e.<\/p>\n<p>[\/vc_column_text][vc_separator type=\u00a0\u00bbtransparent\u00a0\u00bb up=\u00a0\u00bb36&Prime; up_style=\u00a0\u00bbpx\u00a0\u00bb down=\u00a0\u00bb0&Prime; down_style=\u00a0\u00bbpx\u00a0\u00bb][\/no_bordered_elements_holder][\/no_elements_holder_item][no_elements_holder_item background_image=\u00a0\u00bb10638&Prime; aligment=\u00a0\u00bbcenter\u00a0\u00bb vertical_alignment=\u00a0\u00bbmiddle\u00a0\u00bb advanced_animations=\u00a0\u00bbno\u00a0\u00bb elemnts_holder_frame=\u00a0\u00bbno\u00a0\u00bb][\/no_elements_holder_item][\/no_elements_holder][\/vc_column][\/vc_row][vc_row row_type=\u00a0\u00bbparallax\u00a0\u00bb type=\u00a0\u00bbfull_width\u00a0\u00bb text_align=\u00a0\u00bbcenter\u00a0\u00bb background_image=\u00a0\u00bb10425&Prime; full_screen_section_height=\u00a0\u00bbno\u00a0\u00bb section_height=\u00a0\u00bb860&Prime; side_padding=\u00a0\u00bb34px\u00a0\u00bb][vc_column][vc_separator type=\u00a0\u00bbtransparent\u00a0\u00bb up=\u00a0\u00bb34&Prime; up_style=\u00a0\u00bbpx\u00a0\u00bb down=\u00a0\u00bb0&Prime; down_style=\u00a0\u00bbpx\u00a0\u00bb][no_bordered_elements_holder hover_animation=\u00a0\u00bbedgt_box_scale_in\u00a0\u00bb border_color=\u00a0\u00bbrgba(255,255,255,0.56)\u00a0\u00bb border_width=\u00a0\u00bb1&Prime; holder_padding=\u00a0\u00bb11.3% 15% 12.1% 15%\u00a0\u00bb][no_elements_holder number_of_columns=\u00a0\u00bbone_column\u00a0\u00bb alignment_one_column=\u00a0\u00bbcenter\u00a0\u00bb][no_elements_holder_item item_padding=\u00a0\u00bb0 0 20px 0&Prime; aligment=\u00a0\u00bbcenter\u00a0\u00bb vertical_alignment=\u00a0\u00bbtop\u00a0\u00bb advanced_animations=\u00a0\u00bbno\u00a0\u00bb elemnts_holder_frame=\u00a0\u00bbno\u00a0\u00bb]<div class=\"custom_font_holder\" style=\"font-family: Playfair Display; font-size: 48px; line-height: 84px; font-style: normal; font-weight: 400; color: #ffffff; text-decoration: none; letter-spacing: 1px;; text-transform: none; text-align: center\" data-font-size=48 data-line-height=84 ><div  ><strong><u>Vinification<\/u><\/strong><\/div><\/div>[\/no_elements_holder_item][\/no_elements_holder][no_elements_holder number_of_columns=\u00a0\u00bbone_column\u00a0\u00bb][no_elements_holder_item item_padding=\u00a0\u00bb0 0 42px 0&Prime; aligment=\u00a0\u00bbcenter\u00a0\u00bb vertical_alignment=\u00a0\u00bbtop\u00a0\u00bb advanced_animations=\u00a0\u00bbno\u00a0\u00bb elemnts_holder_frame=\u00a0\u00bbno\u00a0\u00bb][\/no_elements_holder_item][\/no_elements_holder][no_elements_holder number_of_columns=\u00a0\u00bbtwo_columns grid_66_33&Prime;][no_elements_holder_item item_padding=\u00a0\u00bb0 6% 0 6%\u00a0\u00bb aligment=\u00a0\u00bbleft\u00a0\u00bb vertical_alignment=\u00a0\u00bbtop\u00a0\u00bb advanced_animations=\u00a0\u00bbno\u00a0\u00bb item_padding_1000_1300=\u00a0\u00bb0 6% 0 6%\u00a0\u00bb item_padding_768_1000=\u00a0\u00bb0 0 0 0&Prime; item_padding_600_768=\u00a0\u00bb0 0 0 0&Prime; item_padding_480_600=\u00a0\u00bb0 0 0 0&Prime; item_padding_480=\u00a0\u00bb0 0 0 0&Prime; elemnts_holder_frame=\u00a0\u00bbno\u00a0\u00bb][vc_column_text]<span style=\"color: #ffffff;\"><b>TERROIR : PREMIER CRU<\/b><\/span><\/p>\n<p><span style=\"color: #ffffff;\">Rilly-la-Montagne, Montagne de Reims (51).<\/span><\/p>\n<p>&nbsp;<\/p>\n<p><span style=\"color: #ffffff;\"><b>VINIFICATION :<\/b><\/span><\/p>\n<p><span style=\"color: #ffffff;\">Seule \u00ab\u00a0la Cuv\u00e9e\u00a0\u00bb (premier jus de la premi\u00e8re presse) entre dans la composition de nos champagnes.<\/span><\/p>\n<p><span style=\"color: #ffffff;\">Vinification sous bois, naturelle, sans aucun ajout de levures (fermentation spontan\u00e9e par les levures indig\u00e8nes contenues dans le vin).<\/span><\/p>\n<p><span style=\"color: #ffffff;\">Fermentation malolactique effectu\u00e9e.<\/span>[\/vc_column_text][vc_separator type=\u00a0\u00bbtransparent\u00a0\u00bb up=\u00a0\u00bb41&Prime; up_style=\u00a0\u00bbpx\u00a0\u00bb down=\u00a0\u00bb0&Prime; down_style=\u00a0\u00bbpx\u00a0\u00bb][\/no_elements_holder_item][no_elements_holder_item item_padding=\u00a0\u00bb0 6% 0 6%\u00a0\u00bb aligment=\u00a0\u00bbleft\u00a0\u00bb vertical_alignment=\u00a0\u00bbtop\u00a0\u00bb advanced_animations=\u00a0\u00bbno\u00a0\u00bb item_padding_1000_1300=\u00a0\u00bb0 6% 0 6%\u00a0\u00bb item_padding_768_1000=\u00a0\u00bb0 0 0 0&Prime; item_padding_600_768=\u00a0\u00bb0 0 0 0&Prime; item_padding_480_600=\u00a0\u00bb0 0 0 0&Prime; item_padding_480=\u00a0\u00bb0 0 0 0&Prime; elemnts_holder_frame=\u00a0\u00bbno\u00a0\u00bb][vc_column_text]<\/p>\n<p><span style=\"color: #ffffff;\"><b>COMPOSITION : <\/b><\/span><\/p>\n<p><span style=\"color: #ffffff;\">60 % Chardonnay,<\/span><\/p>\n<p><span style=\"color: #ffffff;\">20 % Pinot Noir,<\/span><\/p>\n<p><span style=\"color: #ffffff;\">20 % Pinot Meunier<\/span><\/p>\n<p><span style=\"color: #ffffff;\"><b>VIEILLISSEMENT EN CAVE : <\/b>6 ans<\/span><\/p>\n<p><span style=\"color: #ffffff;\"><b>DOSAGE AU DEGORGEMENT : <\/b>6 g<\/span><\/p>\n<p><span style=\"color: #ffffff;\"><b>CONTENANTS : <\/b><\/span><\/p>\n<p><span style=\"color: #ffffff;\">Bouteille\u00a0 75\u00a0 cl<\/span><\/p>\n<p>[\/vc_column_text][vc_separator type=\u00a0\u00bbtransparent\u00a0\u00bb up=\u00a0\u00bb41&Prime; up_style=\u00a0\u00bbpx\u00a0\u00bb down=\u00a0\u00bb0&Prime; down_style=\u00a0\u00bbpx\u00a0\u00bb][\/no_elements_holder_item][\/no_elements_holder][\/no_bordered_elements_holder][vc_separator type=\u00a0\u00bbtransparent\u00a0\u00bb up=\u00a0\u00bb34&Prime; up_style=\u00a0\u00bbpx\u00a0\u00bb down=\u00a0\u00bb0&Prime; down_style=\u00a0\u00bbpx\u00a0\u00bb][\/vc_column][\/vc_row]<\/p>\n","protected":false},"excerpt":{"rendered":"<p>[vc_row row_type=\u00a0\u00bbrow\u00a0\u00bb use_row_as_full_screen_section=\u00a0\u00bbyes\u00a0\u00bb type=\u00a0\u00bbfull_width\u00a0\u00bb text_align=\u00a0\u00bbcenter\u00a0\u00bb background_image=\u00a0\u00bb10515&Prime; padding_top=\u00a0\u00bb110&Prime; padding_bottom=\u00a0\u00bb110&Prime; box_shadow_on_row=\u00a0\u00bbno\u00a0\u00bb][vc_column width=\u00a0\u00bb1\/2&Prime; offset=\u00a0\u00bbvc_hidden-sm vc_hidden-xs\u00a0\u00bb][vc_single_image image=\u00a0\u00bb10519&Prime; img_size=\u00a0\u00bbfull\u00a0\u00bb alignment=\u00a0\u00bbcenter\u00a0\u00bb hover_animation=\u00a0\u00bbno\u00a0\u00bb][\/vc_column][vc_column width=\u00a0\u00bb1\/2&Prime;][vc_column_text] Cuv\u00e9e C\u00e9leste Cuv\u00e9e C\u00e9leste Ros\u00e9 [\/vc_column_text][vc_text_separator title=\u00a0\u00bb\u2022\u00a0\u00bb text_in_box=\u00a0\u00bbno\u00a0\u00bb text_position=\u00a0\u00bbcenter\u00a0\u00bb box_padding=\u00a0\u00bb15&Prime;&#8230;<\/p>\n","protected":false},"author":3,"featured_media":0,"parent":10501,"menu_order":0,"comment_status":"closed","ping_status":"closed","template":"full_width.php","meta":[],"_links":{"self":[{"href":"https:\/\/www.champagne-lecompte.fr\/fr\/wp-json\/wp\/v2\/pages\/10460"}],"collection":[{"href":"https:\/\/www.champagne-lecompte.fr\/fr\/wp-json\/wp\/v2\/pages"}],"about":[{"href":"https:\/\/www.champagne-lecompte.fr\/fr\/wp-json\/wp\/v2\/types\/page"}],"author":[{"embeddable":true,"href":"https:\/\/www.champagne-lecompte.fr\/fr\/wp-json\/wp\/v2\/users\/3"}],"replies":[{"embeddable":true,"href":"https:\/\/www.champagne-lecompte.fr\/fr\/wp-json\/wp\/v2\/comments?post=10460"}],"version-history":[{"count":2,"href":"https:\/\/www.champagne-lecompte.fr\/fr\/wp-json\/wp\/v2\/pages\/10460\/revisions"}],"predecessor-version":[{"id":11312,"href":"https:\/\/www.champagne-lecompte.fr\/fr\/wp-json\/wp\/v2\/pages\/10460\/revisions\/11312"}],"up":[{"embeddable":true,"href":"https:\/\/www.champagne-lecompte.fr\/fr\/wp-json\/wp\/v2\/pages\/10501"}],"wp:attachment":[{"href":"https:\/\/www.champagne-lecompte.fr\/fr\/wp-json\/wp\/v2\/media?parent=10460"}],"curies":[{"name":"wp","href":"https:\/\/api.w.org\/{rel}","templated":true}]}}