{"id":10476,"date":"2020-09-30T17:21:36","date_gmt":"2020-09-30T15:21:39","guid":{"rendered":"http:\/\/prototype.snowandsnow.fr\/ChampagneFrancoisLecompte\/?page_id=10476"},"modified":"2023-08-24T15:40:17","modified_gmt":"2023-08-24T13:40:17","slug":"collection-capitale","status":"publish","type":"page","link":"https:\/\/www.champagne-lecompte.fr\/fr\/nos-champagnes\/collection-capitale\/","title":{"rendered":"Collection Capitale-Nos Mill\u00e9simes"},"content":{"rendered":"<p>[vc_row row_type=\u00a0\u00bbrow\u00a0\u00bb use_row_as_full_screen_section=\u00a0\u00bbno\u00a0\u00bb type=\u00a0\u00bbfull_width\u00a0\u00bb text_align=\u00a0\u00bbleft\u00a0\u00bb box_shadow_on_row=\u00a0\u00bbno\u00a0\u00bb][vc_column][vc_separator type=\u00a0\u00bbtransparent\u00a0\u00bb up=\u00a0\u00bb34&Prime; up_style=\u00a0\u00bbpx\u00a0\u00bb down=\u00a0\u00bb0&Prime; down_style=\u00a0\u00bbpx\u00a0\u00bb][vc_column_text css=\u00a0\u00bb.vc_custom_1630487769016{padding-right: 20% !important;padding-left: 20% !important;}\u00a0\u00bb]<\/p>\n<p style=\"text-align: left;\">Ce nom de collection est sign\u00e9 par un de nos clients : \u00ab Cette gamme est vraiment <strong>capitale<\/strong>, elle est le reflet de votre Style Maison\u00a0\u00bb.<\/p>\n<p>Nous vous invitons \u00e0 d\u00e9couvrir Trois champagnes autour de l\u2019expression pure d&rsquo;une seule vendange, d&rsquo;une tr\u00e8s grande ann\u00e9e pour le Champagne, mais aussi Un Ros\u00e9 de Prestige non Mill\u00e9sim\u00e9.<\/p>\n<p>Chaque moment de d\u00e9gustation permet d&rsquo;appr\u00e9cier les nuances d\u2019une seule ann\u00e9e, sans ajout de vin de r\u00e9serve, autour de dosages (NATURE, EXTRA-BRUT, BRUT) choisis avec soin par le Vigneron-Cr\u00e9ateur de Champagne Fran\u00e7ois Lecompte, mais aussi la merveilleuse harmonie d&rsquo;un Grand Ros\u00e9.<\/p>\n<p><strong>Notes min\u00e9rales, v\u00e9g\u00e9tales, fleuries, fruit\u00e9es, se d\u00e9voilent autour de nos champagnes, du Nature au Brut.<\/strong>[\/vc_column_text][vc_separator type=\u00a0\u00bbtransparent\u00a0\u00bb up=\u00a0\u00bb34&Prime; up_style=\u00a0\u00bbpx\u00a0\u00bb down=\u00a0\u00bb0&Prime; down_style=\u00a0\u00bbpx\u00a0\u00bb][\/vc_column][\/vc_row][vc_row row_type=\u00a0\u00bbparallax\u00a0\u00bb type=\u00a0\u00bbfull_width\u00a0\u00bb text_align=\u00a0\u00bbcenter\u00a0\u00bb background_image=\u00a0\u00bb10489&Prime; full_screen_section_height=\u00a0\u00bbno\u00a0\u00bb section_height=\u00a0\u00bb700&Prime; side_padding=\u00a0\u00bb34px\u00a0\u00bb][vc_column][vc_separator type=\u00a0\u00bbtransparent\u00a0\u00bb up=\u00a0\u00bb34&Prime; up_style=\u00a0\u00bbpx\u00a0\u00bb down=\u00a0\u00bb0&Prime; down_style=\u00a0\u00bbpx\u00a0\u00bb][no_bordered_elements_holder hover_animation=\u00a0\u00bbedgt_box_scale_in\u00a0\u00bb border_color=\u00a0\u00bbrgba(221,153,51,0.56)\u00a0\u00bb border_width=\u00a0\u00bb1&Prime; holder_padding=\u00a0\u00bb5% 10% 5% 10%\u00a0\u00bb][no_elements_holder number_of_columns=\u00a0\u00bbfour_columns\u00a0\u00bb][no_elements_holder_item item_padding=\u00a0\u00bb0 16% 0 16%\u00a0\u00bb aligment=\u00a0\u00bbcenter\u00a0\u00bb vertical_alignment=\u00a0\u00bbtop\u00a0\u00bb advanced_animations=\u00a0\u00bbno\u00a0\u00bb item_padding_1000_1300=\u00a0\u00bb0 6% 0 6%\u00a0\u00bb item_padding_768_1000=\u00a0\u00bb0 0 0 0&Prime; item_padding_600_768=\u00a0\u00bb0 0 0 0&Prime; item_padding_480_600=\u00a0\u00bb0 0 0 0&Prime; item_padding_480=\u00a0\u00bb0 0 0 0&Prime; elemnts_holder_frame=\u00a0\u00bbno\u00a0\u00bb][vc_single_image image=\u00a0\u00bb10439&Prime; img_size=\u00a0\u00bbfull\u00a0\u00bb alignment=\u00a0\u00bbcenter\u00a0\u00bb onclick=\u00a0\u00bbcustom_link\u00a0\u00bb hover_animation=\u00a0\u00bbno\u00a0\u00bb link=\u00a0\u00bbhttp:\/\/www.champagne-lecompte.fr\/nos-champagnes\/collection-capitale\/champagne-millesime-nature\/\u00a0\u00bb][vc_text_separator title=\u00a0\u00bb2015&Prime; title_size=\u00a0\u00bb12&Prime; text_in_box=\u00a0\u00bbyes\u00a0\u00bb text_position=\u00a0\u00bbcenter\u00a0\u00bb box_height=\u00a0\u00bb15&Prime; box_padding=\u00a0\u00bb5&Prime; box_border_style=\u00a0\u00bbsolid\u00a0\u00bb line_border_style=\u00a0\u00bbsolid\u00a0\u00bb line_dots=\u00a0\u00bbno\u00a0\u00bb][vc_column_text]<\/p>\n<h4>Mill\u00e9sime NATURE<\/h4>\n<p>[\/vc_column_text][vc_separator type=\u00a0\u00bbtransparent\u00a0\u00bb up=\u00a0\u00bb41&Prime; up_style=\u00a0\u00bbpx\u00a0\u00bb down=\u00a0\u00bb0&Prime; down_style=\u00a0\u00bbpx\u00a0\u00bb][vc_column_text]Le Champagne Nature, non-dos\u00e9, sans aucun ajout de sucre, d\u00e9voile des notes min\u00e9rales et fleuries.[\/vc_column_text][\/no_elements_holder_item][no_elements_holder_item item_padding=\u00a0\u00bb0 16% 0 16%\u00a0\u00bb aligment=\u00a0\u00bbcenter\u00a0\u00bb vertical_alignment=\u00a0\u00bbtop\u00a0\u00bb advanced_animations=\u00a0\u00bbno\u00a0\u00bb item_padding_1000_1300=\u00a0\u00bb0 6% 0 6%\u00a0\u00bb item_padding_768_1000=\u00a0\u00bb0 0 0 0&Prime; item_padding_600_768=\u00a0\u00bb0 0 0 0&Prime; item_padding_480_600=\u00a0\u00bb0 0 0 0&Prime; item_padding_480=\u00a0\u00bb0 0 0 0&Prime; elemnts_holder_frame=\u00a0\u00bbno\u00a0\u00bb][vc_single_image image=\u00a0\u00bb10431&Prime; img_size=\u00a0\u00bbfull\u00a0\u00bb alignment=\u00a0\u00bbcenter\u00a0\u00bb onclick=\u00a0\u00bbcustom_link\u00a0\u00bb hover_animation=\u00a0\u00bbno\u00a0\u00bb link=\u00a0\u00bbhttp:\/\/www.champagne-lecompte.fr\/nos-champagnes\/collection-capitale\/champagne-millesime-extra-brut\/\u00a0\u00bb][vc_text_separator title=\u00a0\u00bb2015&Prime; title_size=\u00a0\u00bb12&Prime; text_in_box=\u00a0\u00bbyes\u00a0\u00bb text_position=\u00a0\u00bbcenter\u00a0\u00bb box_height=\u00a0\u00bb15&Prime; box_padding=\u00a0\u00bb5&Prime; box_border_style=\u00a0\u00bbsolid\u00a0\u00bb line_border_style=\u00a0\u00bbsolid\u00a0\u00bb line_dots=\u00a0\u00bbno\u00a0\u00bb][vc_column_text]<\/p>\n<h4>Mill\u00e9sime EXTRA-BRUT<\/h4>\n<p>[\/vc_column_text][vc_separator type=\u00a0\u00bbtransparent\u00a0\u00bb up=\u00a0\u00bb41&Prime; up_style=\u00a0\u00bbpx\u00a0\u00bb down=\u00a0\u00bb0&Prime; down_style=\u00a0\u00bbpx\u00a0\u00bb][vc_column_text]Le Champagne Extra-Brut l\u00e9g\u00e8rement dos\u00e9 (3 g) d\u00e9voile des notes a\u00e9riennes, entre fra\u00eecheur et structure.[\/vc_column_text][\/no_elements_holder_item][no_elements_holder_item item_padding=\u00a0\u00bb0 16% 0 16%\u00a0\u00bb aligment=\u00a0\u00bbcenter\u00a0\u00bb vertical_alignment=\u00a0\u00bbtop\u00a0\u00bb advanced_animations=\u00a0\u00bbno\u00a0\u00bb item_padding_1000_1300=\u00a0\u00bb0 6% 0 6%\u00a0\u00bb item_padding_768_1000=\u00a0\u00bb0 0 0 0&Prime; item_padding_600_768=\u00a0\u00bb0 0 0 0&Prime; item_padding_480_600=\u00a0\u00bb0 0 0 0&Prime; item_padding_480=\u00a0\u00bb0 0 0 0&Prime; elemnts_holder_frame=\u00a0\u00bbno\u00a0\u00bb][vc_single_image image=\u00a0\u00bb10401&Prime; img_size=\u00a0\u00bbfull\u00a0\u00bb alignment=\u00a0\u00bbcenter\u00a0\u00bb onclick=\u00a0\u00bbcustom_link\u00a0\u00bb hover_animation=\u00a0\u00bbno\u00a0\u00bb link=\u00a0\u00bbhttp:\/\/www.champagne-lecompte.fr\/nos-champagnes\/collection-capitale\/champagne-millesime-brut\/\u00a0\u00bb][vc_text_separator title=\u00a0\u00bb2015&Prime; title_size=\u00a0\u00bb12&Prime; text_in_box=\u00a0\u00bbyes\u00a0\u00bb text_position=\u00a0\u00bbcenter\u00a0\u00bb box_height=\u00a0\u00bb15&Prime; box_padding=\u00a0\u00bb5&Prime; box_border_style=\u00a0\u00bbsolid\u00a0\u00bb line_border_style=\u00a0\u00bbsolid\u00a0\u00bb line_dots=\u00a0\u00bbno\u00a0\u00bb][vc_column_text]<\/p>\n<h4>Mill\u00e9sime BRUT<\/h4>\n<p>[\/vc_column_text][vc_separator type=\u00a0\u00bbtransparent\u00a0\u00bb up=\u00a0\u00bb41&Prime; up_style=\u00a0\u00bbpx\u00a0\u00bb down=\u00a0\u00bb0&Prime; down_style=\u00a0\u00bbpx\u00a0\u00bb][vc_column_text]Le Champagne BRUT, dos\u00e9 \u00e0 6 g, est le champagne de tous les instants. Son go\u00fbt charnu et ses notes miell\u00e9es peuvent vous accompagner sur tout le repas.[\/vc_column_text][\/no_elements_holder_item][no_elements_holder_item item_padding=\u00a0\u00bb0 16% 0 16%\u00a0\u00bb aligment=\u00a0\u00bbcenter\u00a0\u00bb vertical_alignment=\u00a0\u00bbtop\u00a0\u00bb advanced_animations=\u00a0\u00bbno\u00a0\u00bb item_padding_1000_1300=\u00a0\u00bb0 6% 0 6%\u00a0\u00bb item_padding_768_1000=\u00a0\u00bb0 0 0 0&Prime; item_padding_600_768=\u00a0\u00bb0 0 0 0&Prime; item_padding_480_600=\u00a0\u00bb0 0 0 0&Prime; item_padding_480=\u00a0\u00bb0 0 0 0&Prime; elemnts_holder_frame=\u00a0\u00bbno\u00a0\u00bb][vc_single_image image=\u00a0\u00bb10446&Prime; img_size=\u00a0\u00bbfull\u00a0\u00bb alignment=\u00a0\u00bbcenter\u00a0\u00bb onclick=\u00a0\u00bbcustom_link\u00a0\u00bb hover_animation=\u00a0\u00bbno\u00a0\u00bb link=\u00a0\u00bbhttp:\/\/www.champagne-lecompte.fr\/nos-champagnes\/collection-capitale\/champagne-rose\/\u00a0\u00bb][vc_text_separator title=\u00a0\u00bb\u2022\u00a0\u00bb title_size=\u00a0\u00bb12&Prime; text_in_box=\u00a0\u00bbno\u00a0\u00bb text_position=\u00a0\u00bbcenter\u00a0\u00bb box_height=\u00a0\u00bb15&Prime; box_padding=\u00a0\u00bb5&Prime; line_border_style=\u00a0\u00bbsolid\u00a0\u00bb line_dots=\u00a0\u00bbno\u00a0\u00bb][vc_column_text]<\/p>\n<h4>ROSE<\/h4>\n<p>[\/vc_column_text][vc_separator type=\u00a0\u00bbtransparent\u00a0\u00bb up=\u00a0\u00bb41&Prime; up_style=\u00a0\u00bbpx\u00a0\u00bb down=\u00a0\u00bb0&Prime; down_style=\u00a0\u00bbpx\u00a0\u00bb][vc_column_text]Enfin, Le Champagne se fait couleur avec le Ros\u00e9 \u00e0 la robe chatoyante. Non mill\u00e9sim\u00e9, il est fid\u00e8le au go\u00fbt Maison, ses notes de fruits rouges s\u2019\u00e9panouissant lors de la d\u00e9gustation.[\/vc_column_text][\/no_elements_holder_item][\/no_elements_holder][\/no_bordered_elements_holder][\/vc_column][\/vc_row][vc_row row_type=\u00a0\u00bbrow\u00a0\u00bb use_row_as_full_screen_section=\u00a0\u00bbno\u00a0\u00bb type=\u00a0\u00bbfull_width\u00a0\u00bb text_align=\u00a0\u00bbleft\u00a0\u00bb box_shadow_on_row=\u00a0\u00bbno\u00a0\u00bb][vc_column width=\u00a0\u00bb1\/3&Prime;]<a href=\"http:\/\/www.champagne-lecompte.fr\/nos-champagnes\/collection-douceur\/\" target=\"_self\"  class=\"qbutton  big_large_full_width white fill_diagonal icon_right\" style=\"font-size: 10px; background-color: #ddb67c;\"><span class=\"text_wrap\">COLLECTION DOUCEUR<\/span><span class=\"a_overlay\" style=\"\"><\/span><\/a>[\/vc_column][vc_column width=\u00a0\u00bb1\/3&Prime;][\/vc_column][vc_column width=\u00a0\u00bb1\/3&Prime;]<a href=\"http:\/\/www.champagne-lecompte.fr\/nos-champagnes\/collection-brillance\/\" target=\"_self\"  class=\"qbutton  big_large_full_width white fill_diagonal icon_right\" style=\"font-size: 10px; background-color: #ddb67c;\"><span class=\"text_wrap\">COLLECTION BRILLANCE<\/span><span class=\"a_overlay\" style=\"\"><\/span><\/a>[\/vc_column][\/vc_row]<\/p>\n","protected":false},"excerpt":{"rendered":"<p>[vc_row row_type=\u00a0\u00bbrow\u00a0\u00bb use_row_as_full_screen_section=\u00a0\u00bbno\u00a0\u00bb type=\u00a0\u00bbfull_width\u00a0\u00bb text_align=\u00a0\u00bbleft\u00a0\u00bb box_shadow_on_row=\u00a0\u00bbno\u00a0\u00bb][vc_column][vc_separator type=\u00a0\u00bbtransparent\u00a0\u00bb up=\u00a0\u00bb34&Prime; up_style=\u00a0\u00bbpx\u00a0\u00bb down=\u00a0\u00bb0&Prime; down_style=\u00a0\u00bbpx\u00a0\u00bb][vc_column_text css=\u00a0\u00bb.vc_custom_1630487769016{padding-right: 20% !important;padding-left: 20% !important;}\u00a0\u00bb] Ce nom de collection est sign\u00e9 par un de nos clients&#8230;<\/p>\n","protected":false},"author":3,"featured_media":0,"parent":10248,"menu_order":0,"comment_status":"closed","ping_status":"closed","template":"full_width.php","meta":[],"_links":{"self":[{"href":"https:\/\/www.champagne-lecompte.fr\/fr\/wp-json\/wp\/v2\/pages\/10476"}],"collection":[{"href":"https:\/\/www.champagne-lecompte.fr\/fr\/wp-json\/wp\/v2\/pages"}],"about":[{"href":"https:\/\/www.champagne-lecompte.fr\/fr\/wp-json\/wp\/v2\/types\/page"}],"author":[{"embeddable":true,"href":"https:\/\/www.champagne-lecompte.fr\/fr\/wp-json\/wp\/v2\/users\/3"}],"replies":[{"embeddable":true,"href":"https:\/\/www.champagne-lecompte.fr\/fr\/wp-json\/wp\/v2\/comments?post=10476"}],"version-history":[{"count":2,"href":"https:\/\/www.champagne-lecompte.fr\/fr\/wp-json\/wp\/v2\/pages\/10476\/revisions"}],"predecessor-version":[{"id":11281,"href":"https:\/\/www.champagne-lecompte.fr\/fr\/wp-json\/wp\/v2\/pages\/10476\/revisions\/11281"}],"up":[{"embeddable":true,"href":"https:\/\/www.champagne-lecompte.fr\/fr\/wp-json\/wp\/v2\/pages\/10248"}],"wp:attachment":[{"href":"https:\/\/www.champagne-lecompte.fr\/fr\/wp-json\/wp\/v2\/media?parent=10476"}],"curies":[{"name":"wp","href":"https:\/\/api.w.org\/{rel}","templated":true}]}}