{"id":10501,"date":"2020-09-30T18:52:36","date_gmt":"2020-09-30T16:52:54","guid":{"rendered":"http:\/\/prototype.snowandsnow.fr\/ChampagneFrancoisLecompte\/nos-champagnes\/champagnes-nobles-2\/"},"modified":"2021-09-01T11:35:37","modified_gmt":"2021-09-01T09:35:37","slug":"collection-brillance","status":"publish","type":"page","link":"https:\/\/www.champagne-lecompte.fr\/fr\/nos-champagnes\/collection-brillance\/","title":{"rendered":"Collection Brillance-F\u00fbt de Ch\u00eane"},"content":{"rendered":"<p>[vc_row row_type=\u00a0\u00bbrow\u00a0\u00bb use_row_as_full_screen_section=\u00a0\u00bbno\u00a0\u00bb type=\u00a0\u00bbfull_width\u00a0\u00bb text_align=\u00a0\u00bbleft\u00a0\u00bb box_shadow_on_row=\u00a0\u00bbno\u00a0\u00bb][vc_column][vc_separator type=\u00a0\u00bbtransparent\u00a0\u00bb up=\u00a0\u00bb34&Prime; up_style=\u00a0\u00bbpx\u00a0\u00bb down=\u00a0\u00bb0&Prime; down_style=\u00a0\u00bbpx\u00a0\u00bb][vc_column_text css=\u00a0\u00bb.vc_custom_1603359488499{padding-right: 30% !important;padding-left: 30% !important;}\u00a0\u00bb]<\/p>\n<p style=\"text-align: left;\">L\u2019authenticit\u00e9 et le savoir-faire ancestral des champagnes originels, \u00e9lev\u00e9s sous bois, pour ces trois grands champagnes dont la robe claire et limpide a donn\u00e9 le nom \u00e0 la collection <strong>Brillance.<\/strong><\/p>\n<p style=\"text-align: left;\">Le go\u00fbt discret du f\u00fbt ancien permet de d\u00e9velopper de l\u00e9gers ar\u00f4mes de noisettes et de sous-bois, pour une subtilit\u00e9 et un raffinement intemporels.<\/p>\n<p>[\/vc_column_text][vc_separator type=\u00a0\u00bbtransparent\u00a0\u00bb up=\u00a0\u00bb34&Prime; up_style=\u00a0\u00bbpx\u00a0\u00bb down=\u00a0\u00bb0&Prime; down_style=\u00a0\u00bbpx\u00a0\u00bb][\/vc_column][\/vc_row][vc_row row_type=\u00a0\u00bbparallax\u00a0\u00bb type=\u00a0\u00bbfull_width\u00a0\u00bb text_align=\u00a0\u00bbcenter\u00a0\u00bb background_image=\u00a0\u00bb10489&Prime; full_screen_section_height=\u00a0\u00bbno\u00a0\u00bb section_height=\u00a0\u00bb700&Prime; side_padding=\u00a0\u00bb34px\u00a0\u00bb][vc_column][vc_separator type=\u00a0\u00bbtransparent\u00a0\u00bb up=\u00a0\u00bb34&Prime; up_style=\u00a0\u00bbpx\u00a0\u00bb down=\u00a0\u00bb0&Prime; down_style=\u00a0\u00bbpx\u00a0\u00bb][no_bordered_elements_holder hover_animation=\u00a0\u00bbedgt_box_scale_in\u00a0\u00bb border_color=\u00a0\u00bbrgba(221,153,51,0.56)\u00a0\u00bb border_width=\u00a0\u00bb1&Prime; holder_padding=\u00a0\u00bb5% 15% 5% 15%\u00a0\u00bb][no_elements_holder number_of_columns=\u00a0\u00bbthree_columns\u00a0\u00bb][no_elements_holder_item item_padding=\u00a0\u00bb0 16% 0 16%\u00a0\u00bb aligment=\u00a0\u00bbcenter\u00a0\u00bb vertical_alignment=\u00a0\u00bbtop\u00a0\u00bb advanced_animations=\u00a0\u00bbno\u00a0\u00bb item_padding_1000_1300=\u00a0\u00bb0 6% 0 6%\u00a0\u00bb item_padding_768_1000=\u00a0\u00bb0 0 0 0&Prime; item_padding_600_768=\u00a0\u00bb0 0 0 0&Prime; item_padding_480_600=\u00a0\u00bb0 0 0 0&Prime; item_padding_480=\u00a0\u00bb0 0 0 0&Prime; elemnts_holder_frame=\u00a0\u00bbno\u00a0\u00bb][vc_single_image image=\u00a0\u00bb10522&Prime; img_size=\u00a0\u00bbfull\u00a0\u00bb alignment=\u00a0\u00bbcenter\u00a0\u00bb onclick=\u00a0\u00bbcustom_link\u00a0\u00bb hover_animation=\u00a0\u00bbno\u00a0\u00bb link=\u00a0\u00bbhttp:\/\/www.champagne-lecompte.fr\/nos-champagnes\/collection-brillance\/champagne-cuvee-celeste\/\u00a0\u00bb][vc_column_text]<\/p>\n<h4>Cuv\u00e9e C\u00e9leste<\/h4>\n<p>[\/vc_column_text][vc_separator type=\u00a0\u00bbtransparent\u00a0\u00bb up=\u00a0\u00bb41&Prime; up_style=\u00a0\u00bbpx\u00a0\u00bb down=\u00a0\u00bb0&Prime; down_style=\u00a0\u00bbpx\u00a0\u00bb][vc_column_text]La Cuv\u00e9e C\u00e9leste, subtil assemblage de nos trois c\u00e9pages \u00e9lev\u00e9s sous bois, est une merveille de puret\u00e9 et d\u2019\u00e9panouissement. Sa vivacit\u00e9 li\u00e9e \u00e0 sa gourmandise, sa mousse cr\u00e9meuse et son go\u00fbt exquis en font un Champagne exceptionnel et embl\u00e9matique de notre Maison.[\/vc_column_text][\/no_elements_holder_item][no_elements_holder_item item_padding=\u00a0\u00bb0 16% 0 16%\u00a0\u00bb aligment=\u00a0\u00bbcenter\u00a0\u00bb vertical_alignment=\u00a0\u00bbtop\u00a0\u00bb advanced_animations=\u00a0\u00bbno\u00a0\u00bb item_padding_1000_1300=\u00a0\u00bb0 6% 0 6%\u00a0\u00bb item_padding_768_1000=\u00a0\u00bb0 0 0 0&Prime; item_padding_600_768=\u00a0\u00bb0 0 0 0&Prime; item_padding_480_600=\u00a0\u00bb0 0 0 0&Prime; item_padding_480=\u00a0\u00bb0 0 0 0&Prime; elemnts_holder_frame=\u00a0\u00bbno\u00a0\u00bb][vc_single_image image=\u00a0\u00bb10537&Prime; img_size=\u00a0\u00bbfull\u00a0\u00bb alignment=\u00a0\u00bbcenter\u00a0\u00bb onclick=\u00a0\u00bbcustom_link\u00a0\u00bb hover_animation=\u00a0\u00bbno\u00a0\u00bb link=\u00a0\u00bbhttp:\/\/www.champagne-lecompte.fr\/nos-champagnes\/collection-brillance\/champagne-cuvee-blanc-de-blancs\/\u00a0\u00bb][vc_column_text]<\/p>\n<h4>Cuv\u00e9e Blanc de Blancs<\/h4>\n<p>[\/vc_column_text][vc_separator type=\u00a0\u00bbtransparent\u00a0\u00bb up=\u00a0\u00bb41&Prime; up_style=\u00a0\u00bbpx\u00a0\u00bb down=\u00a0\u00bb0&Prime; down_style=\u00a0\u00bbpx\u00a0\u00bb][vc_column_text]Le Blanc de Blancs (100 % Raisin Blanc) r\u00e9v\u00e8le la magnificence du Chardonnay, c\u00e9page de la finesse et de l&rsquo;\u00e9l\u00e9gance. Ses notes sont florales, ses ar\u00f4mes l\u00e9gers et d\u00e9licats.[\/vc_column_text][\/no_elements_holder_item][no_elements_holder_item item_padding=\u00a0\u00bb0 16% 0 16%\u00a0\u00bb aligment=\u00a0\u00bbcenter\u00a0\u00bb vertical_alignment=\u00a0\u00bbtop\u00a0\u00bb advanced_animations=\u00a0\u00bbno\u00a0\u00bb item_padding_1000_1300=\u00a0\u00bb0 6% 0 6%\u00a0\u00bb item_padding_768_1000=\u00a0\u00bb0 0 0 0&Prime; item_padding_600_768=\u00a0\u00bb0 0 0 0&Prime; item_padding_480_600=\u00a0\u00bb0 0 0 0&Prime; item_padding_480=\u00a0\u00bb0 0 0 0&Prime; elemnts_holder_frame=\u00a0\u00bbno\u00a0\u00bb][vc_single_image image=\u00a0\u00bb10543&Prime; img_size=\u00a0\u00bbfull\u00a0\u00bb alignment=\u00a0\u00bbcenter\u00a0\u00bb onclick=\u00a0\u00bbcustom_link\u00a0\u00bb hover_animation=\u00a0\u00bbno\u00a0\u00bb link=\u00a0\u00bbhttp:\/\/www.champagne-lecompte.fr\/nos-champagnes\/collection-brillance\/champagne-cuvee-blanc-de-noirs\/\u00a0\u00bb][vc_column_text]<\/p>\n<h4>Cuv\u00e9e Blanc de Noirs<\/h4>\n<p>[\/vc_column_text][vc_separator type=\u00a0\u00bbtransparent\u00a0\u00bb up=\u00a0\u00bb41&Prime; up_style=\u00a0\u00bbpx\u00a0\u00bb down=\u00a0\u00bb0&Prime; down_style=\u00a0\u00bbpx\u00a0\u00bb][vc_column_text]Le Blanc de Noirs (100 % Raisin Noir) d\u00e9voile un bouquet intense de Pinot Noir, avec des ar\u00f4mes gourmands de cerise et compot\u00e9e de fraises. Ses notes sont fruit\u00e9es et profondes, et donnent corps et puissance \u00e0 cette grande Cuv\u00e9e.[\/vc_column_text][\/no_elements_holder_item][\/no_elements_holder][\/no_bordered_elements_holder][vc_separator type=\u00a0\u00bbtransparent\u00a0\u00bb up=\u00a0\u00bb34&Prime; up_style=\u00a0\u00bbpx\u00a0\u00bb down=\u00a0\u00bb0&Prime; down_style=\u00a0\u00bbpx\u00a0\u00bb][\/vc_column][\/vc_row][vc_row row_type=\u00a0\u00bbrow\u00a0\u00bb use_row_as_full_screen_section=\u00a0\u00bbno\u00a0\u00bb type=\u00a0\u00bbfull_width\u00a0\u00bb text_align=\u00a0\u00bbleft\u00a0\u00bb box_shadow_on_row=\u00a0\u00bbno\u00a0\u00bb][vc_column width=\u00a0\u00bb1\/3&Prime;]<a href=\"http:\/\/www.champagne-lecompte.fr\/nos-champagnes\/collection-douceur\/\" target=\"_self\"  class=\"qbutton  big_large_full_width white fill_diagonal icon_right\" style=\"font-size: 10px; text-transform: capitalize; background-color: #ddb67c;\"><span class=\"text_wrap\">COLLECTION DOUCEUR<\/span><span class=\"a_overlay\" style=\"\"><\/span><\/a>[\/vc_column][vc_column width=\u00a0\u00bb1\/3&Prime;][\/vc_column][vc_column width=\u00a0\u00bb1\/3&Prime;]<a href=\"http:\/\/www.champagne-lecompte.fr\/nos-champagnes\/collection-capitale\/\" target=\"_self\"  class=\"qbutton  big_large_full_width white fill_diagonal icon_right\" style=\"font-size: 10px; text-transform: capitalize; background-color: #ddb67c;\"><span class=\"text_wrap\">COLLECTION CAPITALE<\/span><span class=\"a_overlay\" style=\"\"><\/span><\/a>[\/vc_column][\/vc_row]<\/p>\n","protected":false},"excerpt":{"rendered":"<p>[vc_row row_type=\u00a0\u00bbrow\u00a0\u00bb use_row_as_full_screen_section=\u00a0\u00bbno\u00a0\u00bb type=\u00a0\u00bbfull_width\u00a0\u00bb text_align=\u00a0\u00bbleft\u00a0\u00bb box_shadow_on_row=\u00a0\u00bbno\u00a0\u00bb][vc_column][vc_separator type=\u00a0\u00bbtransparent\u00a0\u00bb up=\u00a0\u00bb34&Prime; up_style=\u00a0\u00bbpx\u00a0\u00bb down=\u00a0\u00bb0&Prime; down_style=\u00a0\u00bbpx\u00a0\u00bb][vc_column_text css=\u00a0\u00bb.vc_custom_1603359488499{padding-right: 30% !important;padding-left: 30% !important;}\u00a0\u00bb] L\u2019authenticit\u00e9 et le savoir-faire ancestral des champagnes originels, \u00e9lev\u00e9s sous bois,&#8230;<\/p>\n","protected":false},"author":3,"featured_media":0,"parent":10248,"menu_order":1,"comment_status":"closed","ping_status":"closed","template":"full_width.php","meta":[],"_links":{"self":[{"href":"https:\/\/www.champagne-lecompte.fr\/fr\/wp-json\/wp\/v2\/pages\/10501"}],"collection":[{"href":"https:\/\/www.champagne-lecompte.fr\/fr\/wp-json\/wp\/v2\/pages"}],"about":[{"href":"https:\/\/www.champagne-lecompte.fr\/fr\/wp-json\/wp\/v2\/types\/page"}],"author":[{"embeddable":true,"href":"https:\/\/www.champagne-lecompte.fr\/fr\/wp-json\/wp\/v2\/users\/3"}],"replies":[{"embeddable":true,"href":"https:\/\/www.champagne-lecompte.fr\/fr\/wp-json\/wp\/v2\/comments?post=10501"}],"version-history":[{"count":0,"href":"https:\/\/www.champagne-lecompte.fr\/fr\/wp-json\/wp\/v2\/pages\/10501\/revisions"}],"up":[{"embeddable":true,"href":"https:\/\/www.champagne-lecompte.fr\/fr\/wp-json\/wp\/v2\/pages\/10248"}],"wp:attachment":[{"href":"https:\/\/www.champagne-lecompte.fr\/fr\/wp-json\/wp\/v2\/media?parent=10501"}],"curies":[{"name":"wp","href":"https:\/\/api.w.org\/{rel}","templated":true}]}}