{"id":10696,"date":"2020-10-21T11:36:06","date_gmt":"2020-10-21T09:36:06","guid":{"rendered":"http:\/\/prototype.snowandsnow.fr\/ChampagneFrancoisLecompte\/decouvrir\/qu-est-ce-qu-un-champagne-premier-cru-2\/"},"modified":"2021-05-12T13:58:31","modified_gmt":"2021-05-12T11:58:31","slug":"comment-deguster-notre-champagne","status":"publish","type":"page","link":"https:\/\/www.champagne-lecompte.fr\/fr\/decouvrir\/comment-deguster-notre-champagne\/","title":{"rendered":"Comment d\u00e9guster notre champagne"},"content":{"rendered":"<p>[vc_row row_type=\u00a0\u00bbrow\u00a0\u00bb use_row_as_full_screen_section=\u00a0\u00bbno\u00a0\u00bb type=\u00a0\u00bbfull_width\u00a0\u00bb text_align=\u00a0\u00bbleft\u00a0\u00bb box_shadow_on_row=\u00a0\u00bbno\u00a0\u00bb][vc_column][vc_empty_space image_repeat=\u00a0\u00bbno-repeat\u00a0\u00bb][\/vc_column][\/vc_row][vc_row row_type=\u00a0\u00bbrow\u00a0\u00bb use_row_as_full_screen_section=\u00a0\u00bbno\u00a0\u00bb type=\u00a0\u00bbgrid\u00a0\u00bb text_align=\u00a0\u00bbleft\u00a0\u00bb box_shadow_on_row=\u00a0\u00bbno\u00a0\u00bb][vc_column][vc_empty_space height=\u00a0\u00bb55px\u00a0\u00bb image_repeat=\u00a0\u00bbno-repeat\u00a0\u00bb][vc_column_text]<\/p>\n<h4>Les trois c\u00e9pages du champagne<\/h4>\n<p>La Maison de Champagne Fran\u00e7ois Lecompte b\u00e9n\u00e9ficie sur son terroir PREMIER CRU des trois c\u00e9pages champenois : Chardonnay, le raison blanc, Pinot Noir et Pinot Meunier, les raisins noirs.<\/p>\n<p>Ce sont les seuls c\u00e9pages autoris\u00e9s en Champagne depuis 1935. Ils ont montr\u00e9 jusqu&rsquo;\u00e0 aujourd&rsquo;hui leur ad\u00e9quation au terroir :[\/vc_column_text][vc_empty_space height=\u00a0\u00bb55px\u00a0\u00bb image_repeat=\u00a0\u00bbno-repeat\u00a0\u00bb][\/vc_column][\/vc_row][vc_row row_type=\u00a0\u00bbrow\u00a0\u00bb use_row_as_full_screen_section=\u00a0\u00bbno\u00a0\u00bb type=\u00a0\u00bbgrid\u00a0\u00bb text_align=\u00a0\u00bbleft\u00a0\u00bb box_shadow_on_row=\u00a0\u00bbno\u00a0\u00bb][vc_column width=\u00a0\u00bb1\/3&Prime;][vc_column_text]<strong>Le Chardonnay<\/strong>, raisin blanc, est le c\u00e9page de la finesse et de l&rsquo;\u00e9l\u00e9gance. Ses notes sont florales, ses ar\u00f4mes l\u00e9gers et d\u00e9licats.[\/vc_column_text][\/vc_column][vc_column width=\u00a0\u00bb1\/3&Prime;][vc_column_text]<strong>Le Pinot Meunier<\/strong> est souple et fruit\u00e9. Son bouquet est intense. Il donne au vin de la rondeur.[\/vc_column_text][\/vc_column][vc_column width=\u00a0\u00bb1\/3&Prime;][vc_column_text]<strong>Le Pinot Noir<\/strong> apporte les ar\u00f4mes de fruits rouges. Il donne corps et puissance \u00e0 l&rsquo;assemblage des vins.[\/vc_column_text][\/vc_column][\/vc_row][vc_row row_type=\u00a0\u00bbrow\u00a0\u00bb use_row_as_full_screen_section=\u00a0\u00bbno\u00a0\u00bb type=\u00a0\u00bbgrid\u00a0\u00bb text_align=\u00a0\u00bbleft\u00a0\u00bb box_shadow_on_row=\u00a0\u00bbno\u00a0\u00bb][vc_column][vc_empty_space height=\u00a0\u00bb55px\u00a0\u00bb image_repeat=\u00a0\u00bbno-repeat\u00a0\u00bb][vc_column_text]Au moment de la mise en bouteille, nos trois pr\u00e9cieux breuvages, qui ont \u00e9t\u00e9 press\u00e9s s\u00e9par\u00e9ment, sont assembl\u00e9s pour donner un \u00e9quilibre parfait \u00e0 nos champagnes Premier CRU.[\/vc_column_text][vc_empty_space height=\u00a0\u00bb55px\u00a0\u00bb image_repeat=\u00a0\u00bbno-repeat\u00a0\u00bb][\/vc_column][\/vc_row]<\/p>\n","protected":false},"excerpt":{"rendered":"<p>[vc_row row_type=\u00a0\u00bbrow\u00a0\u00bb use_row_as_full_screen_section=\u00a0\u00bbno\u00a0\u00bb type=\u00a0\u00bbfull_width\u00a0\u00bb text_align=\u00a0\u00bbleft\u00a0\u00bb box_shadow_on_row=\u00a0\u00bbno\u00a0\u00bb][vc_column][vc_empty_space image_repeat=\u00a0\u00bbno-repeat\u00a0\u00bb][\/vc_column][\/vc_row][vc_row row_type=\u00a0\u00bbrow\u00a0\u00bb use_row_as_full_screen_section=\u00a0\u00bbno\u00a0\u00bb type=\u00a0\u00bbgrid\u00a0\u00bb text_align=\u00a0\u00bbleft\u00a0\u00bb box_shadow_on_row=\u00a0\u00bbno\u00a0\u00bb][vc_column][vc_empty_space height=\u00a0\u00bb55px\u00a0\u00bb image_repeat=\u00a0\u00bbno-repeat\u00a0\u00bb][vc_column_text] Les trois c\u00e9pages du champagne La Maison de Champagne Fran\u00e7ois Lecompte b\u00e9n\u00e9ficie sur&#8230;<\/p>\n","protected":false},"author":3,"featured_media":0,"parent":10675,"menu_order":3,"comment_status":"closed","ping_status":"closed","template":"full_width.php","meta":[],"_links":{"self":[{"href":"https:\/\/www.champagne-lecompte.fr\/fr\/wp-json\/wp\/v2\/pages\/10696"}],"collection":[{"href":"https:\/\/www.champagne-lecompte.fr\/fr\/wp-json\/wp\/v2\/pages"}],"about":[{"href":"https:\/\/www.champagne-lecompte.fr\/fr\/wp-json\/wp\/v2\/types\/page"}],"author":[{"embeddable":true,"href":"https:\/\/www.champagne-lecompte.fr\/fr\/wp-json\/wp\/v2\/users\/3"}],"replies":[{"embeddable":true,"href":"https:\/\/www.champagne-lecompte.fr\/fr\/wp-json\/wp\/v2\/comments?post=10696"}],"version-history":[{"count":0,"href":"https:\/\/www.champagne-lecompte.fr\/fr\/wp-json\/wp\/v2\/pages\/10696\/revisions"}],"up":[{"embeddable":true,"href":"https:\/\/www.champagne-lecompte.fr\/fr\/wp-json\/wp\/v2\/pages\/10675"}],"wp:attachment":[{"href":"https:\/\/www.champagne-lecompte.fr\/fr\/wp-json\/wp\/v2\/media?parent=10696"}],"curies":[{"name":"wp","href":"https:\/\/api.w.org\/{rel}","templated":true}]}}