{"id":10930,"date":"2021-08-31T12:30:33","date_gmt":"2021-08-31T10:30:33","guid":{"rendered":"http:\/\/www.champagne-lecompte.fr\/nos-champagnes\/collection-brillance\/champagne-cuvee-blanc-de-noirs-2\/"},"modified":"2023-12-30T14:41:06","modified_gmt":"2023-12-30T13:41:06","slug":"champagne-cuvee-blanc-de-meuniers","status":"publish","type":"page","link":"https:\/\/www.champagne-lecompte.fr\/fr\/nos-champagnes\/collection-brillance\/champagne-cuvee-blanc-de-meuniers\/","title":{"rendered":"Cuv\u00e9e Blanc de Meuniers"},"content":{"rendered":"<p>[vc_row row_type=\u00a0\u00bbrow\u00a0\u00bb use_row_as_full_screen_section=\u00a0\u00bbyes\u00a0\u00bb type=\u00a0\u00bbfull_width\u00a0\u00bb text_align=\u00a0\u00bbcenter\u00a0\u00bb background_image=\u00a0\u00bb10542&Prime; padding_top=\u00a0\u00bb110&Prime; padding_bottom=\u00a0\u00bb110&Prime; box_shadow_on_row=\u00a0\u00bbno\u00a0\u00bb][vc_column width=\u00a0\u00bb1\/2&Prime; offset=\u00a0\u00bbvc_hidden-sm vc_hidden-xs\u00a0\u00bb][vc_single_image image=\u00a0\u00bb10927&Prime; img_size=\u00a0\u00bbfull\u00a0\u00bb alignment=\u00a0\u00bbcenter\u00a0\u00bb hover_animation=\u00a0\u00bbno\u00a0\u00bb][\/vc_column][vc_column width=\u00a0\u00bb1\/2&Prime;][vc_column_text]<\/p>\n<h2><span style=\"color: #ffffff;\">Cuv\u00e9e Blanc de Meuniers<\/span><\/h2>\n<p>[\/vc_column_text][vc_text_separator title=\u00a0\u00bb\u2022\u00a0\u00bb text_in_box=\u00a0\u00bbno\u00a0\u00bb text_position=\u00a0\u00bbcenter\u00a0\u00bb box_padding=\u00a0\u00bb15&Prime; line_width=\u00a0\u00bb258&Prime; line_thickness=\u00a0\u00bb1&Prime; line_border_style=\u00a0\u00bbsolid\u00a0\u00bb up=\u00a0\u00bb12&Prime; down=\u00a0\u00bb15&Prime; animation=\u00a0\u00bbanimate_width\u00a0\u00bb line_dots=\u00a0\u00bbno\u00a0\u00bb title_color=\u00a0\u00bb#ffffff\u00a0\u00bb][vc_column_text css=\u00a0\u00bb.vc_custom_1630587247826{margin-bottom: 30px !important;}\u00a0\u00bb]<span style=\"color: #ffffff;\">L\u2019exp\u00e9rience d\u2019un nouveau Monoc\u00e9page, Le Pinot Meunier<\/span>[\/vc_column_text][vc_single_image image=\u00a0\u00bb10925&Prime; img_size=\u00a0\u00bbfull\u00a0\u00bb alignment=\u00a0\u00bbcenter\u00a0\u00bb hover_animation=\u00a0\u00bbno\u00a0\u00bb edgt_css_animation=\u00a0\u00bbelement_from_fade\u00a0\u00bb el_class=\u00a0\u00bbvc_hidden-lg vc_hidden-md\u00a0\u00bb][vc_column_text css=\u00a0\u00bb.vc_custom_1630587272177{margin-top: 5em !important;padding-right: 2em !important;padding-left: 2em !important;}\u00a0\u00bb]<\/p>\n<p style=\"text-align: center;\"><span style=\"color: #ffffff;\">Ce c\u00e9page vigoureux de notre Terroir de Rilly-la-Montagne, le Pinot Meunier, r\u00e9v\u00e8le un vin de champagne souple et rond, au fruit\u00e9 puissant.<\/span><\/p>\n<p style=\"text-align: center;\"><span style=\"color: #ffffff;\">Clairement reconnaissable gr\u00e2ce \u00e0 ses feuilles duveteuses comme si une fine pluie de farine \u00e9tait venue se poser dessus, cette nouvelle Muse offre un champagne resplendissant et une nouvelle exp\u00e9rience pour les amateurs de vins monoc\u00e9pages.<\/span><\/p>\n<p>[\/vc_column_text][\/vc_column][\/vc_row][vc_row row_type=\u00a0\u00bbrow\u00a0\u00bb use_row_as_full_screen_section=\u00a0\u00bbno\u00a0\u00bb type=\u00a0\u00bbfull_width\u00a0\u00bb text_align=\u00a0\u00bbleft\u00a0\u00bb background_image=\u00a0\u00bb10391&Prime; background_color=\u00a0\u00bb#f8f8f8&Prime; side_padding=\u00a0\u00bb34px 34px 34px 34px\u00a0\u00bb box_shadow_on_row=\u00a0\u00bbno\u00a0\u00bb][vc_column][no_elements_holder number_of_columns=\u00a0\u00bbtwo_columns\u00a0\u00bb][no_elements_holder_item background_color=\u00a0\u00bb#f8f8f8&Prime; item_padding=\u00a0\u00bb34px\u00a0\u00bb aligment=\u00a0\u00bbcenter\u00a0\u00bb advanced_animations=\u00a0\u00bbno\u00a0\u00bb elemnts_holder_frame=\u00a0\u00bbno\u00a0\u00bb][no_bordered_elements_holder hover_animation=\u00a0\u00bbedgt_box_scale_in\u00a0\u00bb border_color=\u00a0\u00bb#d8a97e\u00a0\u00bb border_width=\u00a0\u00bb1&Prime; holder_padding=\u00a0\u00bb26.4% 18% 26.7% 18%\u00a0\u00bb][vc_column_text]<\/p>\n<h2 style=\"text-align: left;\">Notes de D\u00e9gustation<\/h2>\n<p>[\/vc_column_text][vc_separator type=\u00a0\u00bbtransparent\u00a0\u00bb up=\u00a0\u00bb16&Prime; up_style=\u00a0\u00bbpx\u00a0\u00bb down=\u00a0\u00bb0&Prime; down_style=\u00a0\u00bbpx\u00a0\u00bb][vc_column_text]<\/p>\n<h6 style=\"text-align: left;\"><span style=\"color: #b57d4b;\">Vieilli en cave pendant 4 ans<\/span><\/h6>\n<p>[\/vc_column_text][vc_separator type=\u00a0\u00bbtransparent\u00a0\u00bb up=\u00a0\u00bb37&Prime; up_style=\u00a0\u00bbpx\u00a0\u00bb down=\u00a0\u00bb0&Prime; down_style=\u00a0\u00bbpx\u00a0\u00bb][vc_column_text]Ce c\u00e9page vigoureux de notre Terroir de Rilly-la-Montagne, le Pinot Meunier, r\u00e9v\u00e8le un vin de champagne souple et rond, au fruit\u00e9 puissant.<\/p>\n<p>Clairement reconnaissable gr\u00e2ce \u00e0 ses feuilles duveteuses comme si une fine pluie de farine \u00e9tait venue se poser dessus, cette nouvelle Muse offre un champagne resplendissant et une nouvelle exp\u00e9rience pour les amateurs de vins monoc\u00e9pages.<\/p>\n<p style=\"text-align: left;\">L\u2019\u00e2me du PINOT MEUNIER issu d\u2019un\u00a0 Monoterroir Premier Cru.<\/p>\n<p>[\/vc_column_text][vc_separator type=\u00a0\u00bbtransparent\u00a0\u00bb up=\u00a0\u00bb36&Prime; up_style=\u00a0\u00bbpx\u00a0\u00bb down=\u00a0\u00bb0&Prime; down_style=\u00a0\u00bbpx\u00a0\u00bb][\/no_bordered_elements_holder][\/no_elements_holder_item][no_elements_holder_item background_image=\u00a0\u00bb10426&Prime; aligment=\u00a0\u00bbleft\u00a0\u00bb advanced_animations=\u00a0\u00bbno\u00a0\u00bb elemnts_holder_frame=\u00a0\u00bbno\u00a0\u00bb][\/no_elements_holder_item][\/no_elements_holder][\/vc_column][\/vc_row][vc_row row_type=\u00a0\u00bbparallax\u00a0\u00bb type=\u00a0\u00bbfull_width\u00a0\u00bb text_align=\u00a0\u00bbcenter\u00a0\u00bb background_image=\u00a0\u00bb10425&Prime; full_screen_section_height=\u00a0\u00bbno\u00a0\u00bb section_height=\u00a0\u00bb860&Prime; side_padding=\u00a0\u00bb34px\u00a0\u00bb][vc_column][vc_separator type=\u00a0\u00bbtransparent\u00a0\u00bb up=\u00a0\u00bb34&Prime; up_style=\u00a0\u00bbpx\u00a0\u00bb down=\u00a0\u00bb0&Prime; down_style=\u00a0\u00bbpx\u00a0\u00bb][no_bordered_elements_holder hover_animation=\u00a0\u00bbedgt_box_scale_in\u00a0\u00bb border_color=\u00a0\u00bbrgba(255,255,255,0.56)\u00a0\u00bb border_width=\u00a0\u00bb1&Prime; holder_padding=\u00a0\u00bb11.3% 15% 12.1% 15%\u00a0\u00bb][no_elements_holder number_of_columns=\u00a0\u00bbone_column\u00a0\u00bb alignment_one_column=\u00a0\u00bbcenter\u00a0\u00bb][no_elements_holder_item item_padding=\u00a0\u00bb0 0 20px 0&Prime; aligment=\u00a0\u00bbcenter\u00a0\u00bb vertical_alignment=\u00a0\u00bbtop\u00a0\u00bb advanced_animations=\u00a0\u00bbno\u00a0\u00bb elemnts_holder_frame=\u00a0\u00bbno\u00a0\u00bb]<div class=\"custom_font_holder\" style=\"font-family: Playfair Display; font-size: 48px; line-height: 84px; font-style: normal; font-weight: 400; color: #ffffff; text-decoration: none; letter-spacing: 1px;; text-transform: none; text-align: center\" data-font-size=48 data-line-height=84 ><div  ><strong><u>Vinification<\/u><\/strong><\/div><\/div>[\/no_elements_holder_item][\/no_elements_holder][no_elements_holder number_of_columns=\u00a0\u00bbone_column\u00a0\u00bb][no_elements_holder_item item_padding=\u00a0\u00bb0 0 42px 0&Prime; aligment=\u00a0\u00bbcenter\u00a0\u00bb vertical_alignment=\u00a0\u00bbtop\u00a0\u00bb advanced_animations=\u00a0\u00bbno\u00a0\u00bb elemnts_holder_frame=\u00a0\u00bbno\u00a0\u00bb][\/no_elements_holder_item][\/no_elements_holder][no_elements_holder number_of_columns=\u00a0\u00bbtwo_columns grid_66_33&Prime;][no_elements_holder_item item_padding=\u00a0\u00bb0 6% 0 6%\u00a0\u00bb aligment=\u00a0\u00bbleft\u00a0\u00bb vertical_alignment=\u00a0\u00bbtop\u00a0\u00bb advanced_animations=\u00a0\u00bbno\u00a0\u00bb item_padding_1000_1300=\u00a0\u00bb0 6% 0 6%\u00a0\u00bb item_padding_768_1000=\u00a0\u00bb0 0 0 0&Prime; item_padding_600_768=\u00a0\u00bb0 0 0 0&Prime; item_padding_480_600=\u00a0\u00bb0 0 0 0&Prime; item_padding_480=\u00a0\u00bb0 0 0 0&Prime; elemnts_holder_frame=\u00a0\u00bbno\u00a0\u00bb][vc_column_text]<span style=\"color: #ffffff;\"><b>TERROIR : PREMIER CRU<\/b><\/span><\/p>\n<p><span style=\"color: #ffffff;\">Rilly-la-Montagne, Montagne de Reims (51).<\/span><\/p>\n<p>&nbsp;<\/p>\n<p><span style=\"color: #ffffff;\"><b>VINIFICATION :<\/b><\/span><\/p>\n<p><span style=\"color: #ffffff;\">Seule \u00ab\u00a0la Cuv\u00e9e\u00a0\u00bb (premier jus de la premi\u00e8re presse) entre dans la composition de nos champagnes.<\/span><\/p>\n<p><span style=\"color: #ffffff;\">Vinification sous bois, naturelle, sans aucun ajout de levures (fermentation spontan\u00e9e par les levures indig\u00e8nes contenues dans le vin).<\/span><\/p>\n<p><span style=\"color: #ffffff;\">Fermentation malolactique effectu\u00e9e.<\/span>[\/vc_column_text][vc_separator type=\u00a0\u00bbtransparent\u00a0\u00bb up=\u00a0\u00bb41&Prime; up_style=\u00a0\u00bbpx\u00a0\u00bb down=\u00a0\u00bb0&Prime; down_style=\u00a0\u00bbpx\u00a0\u00bb][\/no_elements_holder_item][no_elements_holder_item item_padding=\u00a0\u00bb0 6% 0 6%\u00a0\u00bb aligment=\u00a0\u00bbleft\u00a0\u00bb vertical_alignment=\u00a0\u00bbtop\u00a0\u00bb advanced_animations=\u00a0\u00bbno\u00a0\u00bb item_padding_1000_1300=\u00a0\u00bb0 6% 0 6%\u00a0\u00bb item_padding_768_1000=\u00a0\u00bb0 0 0 0&Prime; item_padding_600_768=\u00a0\u00bb0 0 0 0&Prime; item_padding_480_600=\u00a0\u00bb0 0 0 0&Prime; item_padding_480=\u00a0\u00bb0 0 0 0&Prime; elemnts_holder_frame=\u00a0\u00bbno\u00a0\u00bb][vc_column_text]<span style=\"color: #ffffff;\"><b>COMPOSITION : <\/b><\/span><\/p>\n<p><span style=\"color: #ffffff;\">100 % Pinot Meunier,<\/span><\/p>\n<p><span style=\"color: #ffffff;\"><b>VIEILLISSEMENT EN CAVE : <\/b>4 ans<\/span><\/p>\n<p><span style=\"color: #ffffff;\"><b>DOSAGE AU DEGORGEMENT : <\/b>6 g<\/span><\/p>\n<p><span style=\"color: #ffffff;\"><b>CONTENANTS : <\/b><\/span><\/p>\n<p><span style=\"color: #ffffff;\">Bouteille\u00a0 75\u00a0 cl<\/span>[\/vc_column_text][vc_separator type=\u00a0\u00bbtransparent\u00a0\u00bb up=\u00a0\u00bb41&Prime; up_style=\u00a0\u00bbpx\u00a0\u00bb down=\u00a0\u00bb0&Prime; down_style=\u00a0\u00bbpx\u00a0\u00bb][\/no_elements_holder_item][\/no_elements_holder][\/no_bordered_elements_holder][vc_separator type=\u00a0\u00bbtransparent\u00a0\u00bb up=\u00a0\u00bb34&Prime; up_style=\u00a0\u00bbpx\u00a0\u00bb down=\u00a0\u00bb0&Prime; down_style=\u00a0\u00bbpx\u00a0\u00bb][\/vc_column][\/vc_row]<\/p>\n","protected":false},"excerpt":{"rendered":"<p>[vc_row row_type=\u00a0\u00bbrow\u00a0\u00bb use_row_as_full_screen_section=\u00a0\u00bbyes\u00a0\u00bb type=\u00a0\u00bbfull_width\u00a0\u00bb text_align=\u00a0\u00bbcenter\u00a0\u00bb background_image=\u00a0\u00bb10542&Prime; padding_top=\u00a0\u00bb110&Prime; padding_bottom=\u00a0\u00bb110&Prime; box_shadow_on_row=\u00a0\u00bbno\u00a0\u00bb][vc_column width=\u00a0\u00bb1\/2&Prime; offset=\u00a0\u00bbvc_hidden-sm vc_hidden-xs\u00a0\u00bb][vc_single_image image=\u00a0\u00bb10927&Prime; img_size=\u00a0\u00bbfull\u00a0\u00bb alignment=\u00a0\u00bbcenter\u00a0\u00bb hover_animation=\u00a0\u00bbno\u00a0\u00bb][\/vc_column][vc_column width=\u00a0\u00bb1\/2&Prime;][vc_column_text] Cuv\u00e9e Blanc de Meuniers [\/vc_column_text][vc_text_separator title=\u00a0\u00bb\u2022\u00a0\u00bb text_in_box=\u00a0\u00bbno\u00a0\u00bb text_position=\u00a0\u00bbcenter\u00a0\u00bb box_padding=\u00a0\u00bb15&Prime; line_width=\u00a0\u00bb258&Prime;&#8230;<\/p>\n","protected":false},"author":3,"featured_media":0,"parent":10501,"menu_order":2,"comment_status":"closed","ping_status":"closed","template":"full_width.php","meta":[],"_links":{"self":[{"href":"https:\/\/www.champagne-lecompte.fr\/fr\/wp-json\/wp\/v2\/pages\/10930"}],"collection":[{"href":"https:\/\/www.champagne-lecompte.fr\/fr\/wp-json\/wp\/v2\/pages"}],"about":[{"href":"https:\/\/www.champagne-lecompte.fr\/fr\/wp-json\/wp\/v2\/types\/page"}],"author":[{"embeddable":true,"href":"https:\/\/www.champagne-lecompte.fr\/fr\/wp-json\/wp\/v2\/users\/3"}],"replies":[{"embeddable":true,"href":"https:\/\/www.champagne-lecompte.fr\/fr\/wp-json\/wp\/v2\/comments?post=10930"}],"version-history":[{"count":1,"href":"https:\/\/www.champagne-lecompte.fr\/fr\/wp-json\/wp\/v2\/pages\/10930\/revisions"}],"predecessor-version":[{"id":11289,"href":"https:\/\/www.champagne-lecompte.fr\/fr\/wp-json\/wp\/v2\/pages\/10930\/revisions\/11289"}],"up":[{"embeddable":true,"href":"https:\/\/www.champagne-lecompte.fr\/fr\/wp-json\/wp\/v2\/pages\/10501"}],"wp:attachment":[{"href":"https:\/\/www.champagne-lecompte.fr\/fr\/wp-json\/wp\/v2\/media?parent=10930"}],"curies":[{"name":"wp","href":"https:\/\/api.w.org\/{rel}","templated":true}]}}