{"id":3,"date":"2019-06-12T21:48:36","date_gmt":"2019-06-12T19:48:36","guid":{"rendered":"http:\/\/prototype.snowandsnow.fr\/ChampagneFrancoisLecompte\/?page_id=3"},"modified":"2021-09-02T11:50:41","modified_gmt":"2021-09-02T09:50:41","slug":"mentions-legales","status":"publish","type":"page","link":"https:\/\/www.champagne-lecompte.fr\/fr\/mentions-legales\/","title":{"rendered":"Mentions L\u00e9gales"},"content":{"rendered":"<p>[vc_row row_type=\u00a0\u00bbrow\u00a0\u00bb use_row_as_full_screen_section=\u00a0\u00bbno\u00a0\u00bb type=\u00a0\u00bbfull_width\u00a0\u00bb text_align=\u00a0\u00bbleft\u00a0\u00bb box_shadow_on_row=\u00a0\u00bbno\u00a0\u00bb][vc_column][vc_column_text]<\/p>\n<h3>Informations sur la Soci\u00e9t\u00e9<\/h3>\n<p>Le pr\u00e9sent site https:www.champagne-lecompte.fr (ci-apr\u00e8s le \u00ab Site \u00bb) est la propri\u00e9t\u00e9 de : La soci\u00e9t\u00e9 EARL Regnault, enregistr\u00e9e au registre du commerce et des soci\u00e9t\u00e9s de REIMS, donc le si\u00e8ge principal est sis 9 rue Carnot &#8211; 51500 Rilly la Montagne, Mail : champagnelecompte@orange.fr<\/p>\n<h3>Directeur de la publication<\/h3>\n<p>Sylvie Vincent<\/p>\n<h3>Design et Gestion du Site<\/h3>\n<p>Snow &amp; Snow<br \/>\n54 rue de Lessart &#8211; 86180 Buxerolles<br \/>\ncontact@snowandsnow.fr<\/p>\n<h3>H\u00e9bergement du Site<\/h3>\n<p>OVH<br \/>\nRCS Lille M\u00e9tropole<br \/>\nSi\u00e8ge social : 2 rue Kellermann &#8211; 59100 Roubaix \u2013 France<\/p>\n<h3>Conditions d&rsquo;utilisation<\/h3>\n<p>Pour pouvoir consulter ce Site, vous devez avoir l&rsquo;\u00e2ge l\u00e9gal fix\u00e9 par la loi de votre pays pour la consommation d&rsquo;alcool &#8211; si ce n&rsquo;est pas le cas, veuillez quitter ce site. Si vous avez l&rsquo;\u00e2ge requis, vous pouvez continuer \u00e0 naviguer sur ce Site.<br \/>\nL&rsquo;ABUS D&rsquo;ALCOOL EST DANGEREUX POUR LA SANTE. A CONSOMMER AVEC MODERATION.<\/p>\n<h3>Responsabilit\u00e9s<\/h3>\n<p>CHAMPAGNE FRANCOIS LECOMPTE, s\u2019efforce de tenir \u00e0 jour le site www.champagne-lecompte.fr, cependant CHAMPAGNE FRANCOIS LECOMPTE ne peut garantir \u00e0 tout moment, l\u2019exhaustivit\u00e9 et l\u2019exactitude des informations qui y sont diffus\u00e9es, ni \u00eatre tenu pour responsable des suites de leur utilisation par les internautes. Les visuels ou tout autre contenu n&rsquo;ont pas de valeur contractuelle. Ce Site peut comporter des liens vers d\u2019autres sites Internet, toutefois CHAMPAGNE FRANCOIS LECOMPTE ne peut \u00eatre tenu pour responsable de tout pr\u00e9judice survenu des suites de l\u2019utilisation de biens ou services mis \u00e0 disposition sur ces sites ou d\u2019informations diffus\u00e9es sur ceux-ci. CHAMPAGNE FRANCOIS LECOMPTE ne pourra \u00eatre tenu pour responsable des probl\u00e8mes techniques tels que les interruptions de service ou dysfonctionnements informatiques.<\/p>\n<h3>Donn\u00e9es Personnelles<\/h3>\n<p>Lorsque vous naviguez sur le site, certaines informations sur les utilisateurs peuvent \u00eatre recueillis de fa\u00e7on active (nom, pr\u00e9nom, adresse postale, t\u00e9l\u00e9phone, adresse courriel) ou de fa\u00e7on passive (que vous n\u2019avez pas fournies de fa\u00e7on active) tels le type de navigateur utilis\u00e9, le nom de domaine, les pages visit\u00e9es et la dur\u00e9e de la visite, \u00e0 l&rsquo;aide de divers outils et moyens, dont les t\u00e9moins, les marqueurs Internet et la collecte de donn\u00e9es de navigation, dans le seul but d\u2019am\u00e9liorer le site. Aucune information recueillie n\u2019est divulgu\u00e9e \u00e0 des tiers pour fins publicitaires ou autres sauf qu\u2019elle peut \u00eatre transmise aux entrepreneurs de CHAMPAGNE FRANCOIS LECOMPTE qui collaborent \u00e0 la programmation ou fournissent un appui technique \u00e0 l&rsquo;h\u00e9bergement et au fonctionnement du site. Les communications effectu\u00e9es par l&rsquo;entremise du site pourraient ne pas \u00eatre confidentielles et pourraient, par cons\u00e9quent, \u00eatre lues ou intercept\u00e9es par autrui.<br \/>\nCHAMPAGNE FRANCOIS LECOMPTE est le responsable du traitement des donn\u00e9es collect\u00e9es sur le Site.<br \/>\nL\u2019utilisateur est notamment inform\u00e9 que, conform\u00e9ment \u00e0 l\u2019article 32 de la loi Informatique et libert\u00e9s du 6 janvier 1978 modifi\u00e9e, les informations qu\u2019il communique sur le Site sont n\u00e9cessaires pour r\u00e9pondre \u00e0 sa demande et sont destin\u00e9es aux services en charge de r\u00e9pondre \u00e0 sa demande \u00e0 des fins de suivi de cette demande.<br \/>\nConform\u00e9ment aux dispositions des articles 39 et 40 de la loi \u00ab Informatique et Libert\u00e9s \u00bb du 6 janvier 1978 modifi\u00e9e, l\u2019utilisateur b\u00e9n\u00e9ficie d\u2019un droit d\u2019acc\u00e8s, de rectification, de mise \u00e0 jour et d\u2019effacement des informations qui le concernent, qu\u2019il peut exercer en s\u2019adressant \u00e0 champagnelecompte@orange.fr, ou par courrier \u00e0 CHAMPAGNE FRANCOIS LECOMPTE, 9 rue Carnot &#8211; 51500 Rilly la Montagne, en pr\u00e9cisant dans l\u2019objet du courrier \u00ab Donn\u00e9es personnelles \u00bb et en joignant la copie de son justificatif d\u2019identit\u00e9.<\/p>\n<p>Vous b\u00e9n\u00e9ficiez \u00e9galement du droit de donner des directives sur le sort de vos donn\u00e9es apr\u00e8s votre d\u00e9c\u00e8s.<br \/>\nConform\u00e9ment aux dispositions de l\u2019article 38 de la loi \u00ab Informatique et Libert\u00e9s \u00bb du 6 janvier 1978 modifi\u00e9e, l\u2019utilisateur peut \u00e9galement s\u2019opposer, pour des motifs l\u00e9gitimes \u00e0 ce que ses donn\u00e9es fassent l\u2019objet d\u2019un traitement et sans motif et sans frais, \u00e0 ce que ses donn\u00e9es soient utilis\u00e9es \u00e0 des fins de prospection commerciale.<br \/>\nLes informations recueillies sur ce Site seront conserv\u00e9es pendant la dur\u00e9e l\u00e9gale de leur conservation.<br \/>\nL\u2019utilisateur du Site est tenu de respecter les dispositions de la loi Informatique et libert\u00e9s du 6 janvier 1978 modifi\u00e9e dont la violation est passible de sanctions p\u00e9nales. Il doit notamment s\u2019abstenir, s\u2019agissant des informations nominatives auxquelles il acc\u00e8de, de toute collecte, de toute utilisation d\u00e9tourn\u00e9e, et d\u2019une mani\u00e8re g\u00e9n\u00e9rale, de tout acte susceptible de porter atteinte \u00e0 la vie priv\u00e9e ou \u00e0 la r\u00e9putation des personnes.<\/p>\n<h3>Utilisation des cookies<\/h3>\n<p>Le cookie ou t\u00e9moin de connexion est un bloc de donn\u00e9es qui sert \u00e0 enregistrer des informations relatives \u00e0 la navigation des utilisateurs sur le Site.<br \/>\nCe Site utilise des t\u00e9moins qui nous aident \u00e0 rehausser votre exp\u00e9rience lorsque vous naviguez sur notre Site et nous permet \u00e9galement de l\u2019am\u00e9liorer. En continuant \u00e0 naviguer sur le Site, vous acceptez notre utilisation de t\u00e9moins.<br \/>\nUn t\u00e9moin est un fichier de lettres et de chiffres que nous stockons sur votre navigateur ou le disque dur de votre ordinateur, si vous \u00eates d&rsquo;accord. Les t\u00e9moins contiennent des informations qui sont transf\u00e9r\u00e9es sur le disque dur de votre ordinateur.<br \/>\nNous utilisons uniquement des t\u00e9moins analytiques \/ de performance. Ces t\u00e9moins nous permettent de reconna\u00eetre et de compter le nombre de visiteurs sur notre Site et de voir comment les visiteurs utilisent notre Site. Ces t\u00e9moins nous aident \u00e0 am\u00e9liorer la fa\u00e7on dont notre Site Web fonctionne.<br \/>\nVeuillez noter que des tiers peuvent \u00e9galement utiliser des t\u00e9moins analytiques \/ de performance, sur lesquels nous n&rsquo;avons aucun contr\u00f4le. Si vous ne souhaitez pas que nous utilisions les t\u00e9moins comme nous l&rsquo;avons d\u00e9crit ci-dessus, ou si vous changez d&rsquo;avis apr\u00e8s avoir consenti \u00e0 notre utilisation de t\u00e9moins, vous pouvez supprimer et bloquer les t\u00e9moins sur ce Site via votre navigateur ou via le module de d\u00e9sinscription sp\u00e9cifique. Si vous utilisez les param\u00e8tres de votre navigateur pour bloquer tous les t\u00e9moins, certaines parties de notre Site Web pourraient ne pas fonctionner.<\/p>\n<h3>Droits de propri\u00e9t\u00e9 intellectuelle et industrielle<\/h3>\n<p>La pr\u00e9sentation et le contenu du pr\u00e9sent Site constituent, ensemble, une \u0153uvre prot\u00e9g\u00e9e par les lois en vigueur sur la propri\u00e9t\u00e9 intellectuelle, dont CHAMPAGNE FRANCOIS LECOMPTE ou des tiers ayant autoris\u00e9 ce dernier \u00e0 les utiliser, sont titulaires.<br \/>\nOn entend par Contenu du Site la structure g\u00e9n\u00e9rale, les textes, les images anim\u00e9es ou non, et les sons dont le Site est compos\u00e9. Toute repr\u00e9sentation, reproduction, retranscription, adaptation, traduction, imitation, diffusion, rediffusion, partielle ou totale de ce Site et de son Contenu sur quelque support ou par tout proc\u00e9d\u00e9 que ce soit est strictement interdite sans autorisation pr\u00e9alable expresse \u00e9crite de CHAMPAGNE FRANCOIS LECOMPTE et constituerait une contrefa\u00e7on sanctionn\u00e9e par les articles L. 335-2 et suivants du Code de la Propri\u00e9t\u00e9 Intellectuelle.<br \/>\nLes d\u00e9nominations, logos, \u00e9tiquettes, habillages, bouteilles ainsi que les slogans sont, sauf indications particuli\u00e8res, prot\u00e9g\u00e9s par des droits de propri\u00e9t\u00e9 industrielle et\/ou intellectuelle dont CHAMPAGNE FRANCOIS LECOMPTE est titulaire.<br \/>\nToute reproduction, repr\u00e9sentation, utilisation, adaptation, modification, incorporation, traduction, partielle ou totale de ces \u00e9l\u00e9ments sans l&rsquo;accord express pr\u00e9alable \u00e9crit de CHAMPAGNE FRANCOIS LECOMPTE constitue un acte de contrefa\u00e7on, prot\u00e9g\u00e9es contre toute imitation et\/ou reproduction aux termes des articles L. 713-2 et 3 du Code de la Propri\u00e9t\u00e9 Intellectuelle.<\/p>\n<h3>Utilisation attendue<\/h3>\n<p>Champagne Fran\u00e7ois Lecompte communique sur son site internet, de fa\u00e7on transparente, sur les usages pr\u00e9vus et sur la fa\u00e7on de consommer son Champagne. La responsabilit\u00e9 du producteur se limite au cadre des usages normaux et attendus des produits. Par ces termes, on entend :<\/p>\n<p>les conditions de conservation, de mise en temp\u00e9rature, d\u2019ouverture de la bouteille ;<br \/>\nles conditions de consommation du produit.<br \/>\nCertaines pratiques comme une exposition \u00e0 des temp\u00e9ratures \u00e9lev\u00e9es (bouteille au soleil ou dans le coffre d\u2019un v\u00e9hicule en \u00e9t\u00e9) ou basses (dans un cong\u00e9lateur), l\u2019ouverture par sabrage d\u2019un vin mousseux, la consommation directement au goulot ne sont pas consid\u00e9r\u00e9es comme des utilisations normales et attendues du produit mais comme raisonnablement pr\u00e9visibles.<\/p>\n<h3>Les consommateurs<\/h3>\n<p>Le Champagne \u00e9tant une boisson alcoolis\u00e9e, il est recommand\u00e9 de le boire avec mod\u00e9ration. Il est destin\u00e9 aux personnes adultes et d\u00e9conseill\u00e9 aux femmes enceintes. L\u2019\u00e9thanol n\u2019est pas consid\u00e9r\u00e9 comme un danger car il est inh\u00e9rent au produit et indiqu\u00e9 sur l\u2019\u00e9tiquetage.<br \/>\nCertaines personnes peuvent \u00e9galement \u00eatre sensibles au produit, notamment \u00e0 cause de la pr\u00e9sence des sulfites faisant partie de la liste des allerg\u00e8nes.<\/p>\n<h3>Les usages pr\u00e9vus<\/h3>\n<p>La responsabilit\u00e9 de Champagne Fran\u00e7ois Lecompte se limite au cadre des usages normaux et attendus concernant :<\/p>\n<h3>Les conditions de conservation.<\/h3>\n<p>Les conditions de manipulation : Le Champagne est conditionn\u00e9 dans des flacons en verre r\u00e9sistants \u00e0 une forte pression interne. Cependant, le verre \u00e9tant un mat\u00e9riau m\u00e9moire, les flacons doivent \u00eatre manipul\u00e9s avec soin, en \u00e9vitant toute accumulation excessive de chocs qui entra\u00eenerait une fragilisation du verre et donc un risque de casse.<br \/>\nLes conditions de mise en temp\u00e9rature : La bouteille ne doit pas subir de variation de temp\u00e9rature. Une exposition \u00e0 des temp\u00e9ratures \u00e9lev\u00e9es (bouteille au soleil, dans le coffre d\u2019un v\u00e9hicule en \u00e9t\u00e9, \u2026) ou basse (conservation au cong\u00e9lateur) n\u2019est pas consid\u00e9r\u00e9 comme un usage normal. Le Champagne se sert frais mais non glac\u00e9, id\u00e9alement entre 6 et 8\u00b0C.<br \/>\nLes conditions d\u2019ouverture de la bouteille :<br \/>\nS\u2019assurer que personne n\u2019est dans le champ d\u2019ouverture de la bouteille,<br \/>\nRetirer la partie sup\u00e9rieure de la coiffe,<br \/>\nRetirer le muselet au dernier moment car il emp\u00eache l\u2019expulsion intempestive du bouchon. D\u00e9tachez-le tout en maintenant le bouchon,<br \/>\nIncliner la bouteille et maintenir le bouchon d\u2019une main. Attention : ne pas diriger une bouteille d\u00e9musel\u00e9e vers un visage. Faire pivoter la bouteille plut\u00f4t que le bouchon,<br \/>\nL\u2019ouverture par sabrage n\u2019est pas consid\u00e9r\u00e9e comme un usage normal.<br \/>\nLes conditions de consommation du produit : Il est pr\u00e9f\u00e9rable de consommer le Champagne dans une fl\u00fbte. La consommation au goulot n\u2019est pas recommand\u00e9e sauf pour les quarts qui sont \u00e9galement destin\u00e9s \u00e0 \u00eatre bus \u00e0 la paille.[\/vc_column_text][\/vc_column][\/vc_row]<\/p>\n","protected":false},"excerpt":{"rendered":"<p>[vc_row row_type=\u00a0\u00bbrow\u00a0\u00bb use_row_as_full_screen_section=\u00a0\u00bbno\u00a0\u00bb type=\u00a0\u00bbfull_width\u00a0\u00bb text_align=\u00a0\u00bbleft\u00a0\u00bb box_shadow_on_row=\u00a0\u00bbno\u00a0\u00bb][vc_column][vc_column_text] Informations sur la Soci\u00e9t\u00e9 Le pr\u00e9sent site https:www.champagne-lecompte.fr (ci-apr\u00e8s le \u00ab Site \u00bb) est la propri\u00e9t\u00e9 de : La soci\u00e9t\u00e9 EARL&#8230;<\/p>\n","protected":false},"author":3,"featured_media":0,"parent":0,"menu_order":7,"comment_status":"closed","ping_status":"open","template":"","meta":[],"_links":{"self":[{"href":"https:\/\/www.champagne-lecompte.fr\/fr\/wp-json\/wp\/v2\/pages\/3"}],"collection":[{"href":"https:\/\/www.champagne-lecompte.fr\/fr\/wp-json\/wp\/v2\/pages"}],"about":[{"href":"https:\/\/www.champagne-lecompte.fr\/fr\/wp-json\/wp\/v2\/types\/page"}],"author":[{"embeddable":true,"href":"https:\/\/www.champagne-lecompte.fr\/fr\/wp-json\/wp\/v2\/users\/3"}],"replies":[{"embeddable":true,"href":"https:\/\/www.champagne-lecompte.fr\/fr\/wp-json\/wp\/v2\/comments?post=3"}],"version-history":[{"count":0,"href":"https:\/\/www.champagne-lecompte.fr\/fr\/wp-json\/wp\/v2\/pages\/3\/revisions"}],"wp:attachment":[{"href":"https:\/\/www.champagne-lecompte.fr\/fr\/wp-json\/wp\/v2\/media?parent=3"}],"curies":[{"name":"wp","href":"https:\/\/api.w.org\/{rel}","templated":true}]}}